{"id":1508915,"date":"2024-01-09T11:12:03","date_gmt":"2024-01-09T11:12:03","guid":{"rendered":"https:\/\/ccocoa.com\/?page_id=1508915"},"modified":"2024-06-03T19:05:35","modified_gmt":"2024-06-03T19:05:35","slug":"tendidos","status":"publish","type":"page","link":"https:\/\/ccocoa.com\/en\/tendidos\/","title":{"rendered":"Laying"},"content":{"rendered":"<div data-elementor-type=\"wp-page\" data-elementor-id=\"1508915\" class=\"elementor elementor-1508915\" data-elementor-post-type=\"page\">\n\t\t\t\t<div class=\"elementor-element elementor-element-713baa5b e-flex e-con-boxed e-con e-parent\" data-id=\"713baa5b\" data-element_type=\"container\" data-settings=\"{&quot;background_background&quot;:&quot;classic&quot;,&quot;shape_divider_bottom&quot;:&quot;opacity-tilt&quot;}\">\n\t\t\t\t\t<div class=\"e-con-inner\">\n\t\t\t\t<div class=\"elementor-shape elementor-shape-bottom\" data-negative=\"false\">\n\t\t\t<svg xmlns=\"http:\/\/www.w3.org\/2000\/svg\" viewbox=\"0 0 2600 131.1\" preserveaspectratio=\"none\">\n\t<path class=\"elementor-shape-fill\" d=\"M0 0L2600 0 2600 69.1 0 0z\"\/>\n\t<path class=\"elementor-shape-fill\" style=\"opacity:0.5\" d=\"M0 0L2600 0 2600 69.1 0 69.1z\"\/>\n\t<path class=\"elementor-shape-fill\" style=\"opacity:0.25\" d=\"M2600 0L0 0 0 130.1 2600 69.1z\"\/>\n<\/svg>\t\t<\/div>\n\t\t\t\t<div class=\"elementor-element elementor-element-60002ff9 animated-slow elementor-invisible elementor-widget elementor-widget-heading\" data-id=\"60002ff9\" data-element_type=\"widget\" data-settings=\"{&quot;_animation&quot;:&quot;fadeInUp&quot;}\" data-widget_type=\"heading.default\">\n\t\t\t\t<div class=\"elementor-widget-container\">\n\t\t\t\t\t<h2 class=\"elementor-heading-title elementor-size-default\">Laying<\/h2>\t\t\t\t<\/div>\n\t\t\t\t<\/div>\n\t\t\t\t\t<\/div>\n\t\t\t\t<\/div>\n\t\t<div class=\"elementor-element elementor-element-1c7ef00 e-flex e-con-boxed e-con e-parent\" data-id=\"1c7ef00\" data-element_type=\"container\" data-settings=\"{&quot;background_background&quot;:&quot;classic&quot;}\">\n\t\t\t\t\t<div class=\"e-con-inner\">\n\t\t<div class=\"elementor-element elementor-element-cdd1522 e-flex e-con-boxed e-con e-child\" data-id=\"cdd1522\" data-element_type=\"container\">\n\t\t\t\t\t<div class=\"e-con-inner\">\n\t\t<div class=\"elementor-element elementor-element-ea88dc8 e-con-full e-flex e-con e-child\" data-id=\"ea88dc8\" data-element_type=\"container\">\n\t\t\t\t<div class=\"elementor-element elementor-element-05ea4f6 elementor-cta--valign-top elementor-cta--skin-classic elementor-animated-content elementor-bg-transform elementor-bg-transform-zoom-in elementor-widget elementor-widget-call-to-action\" data-id=\"05ea4f6\" data-element_type=\"widget\" data-widget_type=\"call-to-action.default\">\n\t\t\t\t<div class=\"elementor-widget-container\">\n\t\t\t\t\t\t\t<a class=\"elementor-cta\" href=\"https:\/\/ccocoa.com\/en\/toma-descarga-modificacion-tuxpan-termoelectrica\/\">\n\t\t\t\t\t<div class=\"elementor-cta__bg-wrapper\">\n\t\t\t\t<div class=\"elementor-cta__bg elementor-bg\" style=\"background-image: url(https:\/\/ccocoa.com\/wp-content\/uploads\/2014\/01\/modif_ctpalm_07.jpg);\" role=\"img\" aria-label=\"modif_ctpalm_07\"><\/div>\n\t\t\t\t<div class=\"elementor-cta__bg-overlay\"><\/div>\n\t\t\t<\/div>\n\t\t\t\t\t\t\t<div class=\"elementor-cta__content\">\n\t\t\t\t\n\t\t\t\t\t\t\t\t\t<h2 class=\"elementor-cta__title elementor-cta__content-item elementor-content-item\">\n\t\t\t\t\t\tModification of the intake and discharge work\t\t\t\t\t<\/h2>\n\t\t\t\t\n\t\t\t\t\t\t\t\t\t<div class=\"elementor-cta__description elementor-cta__content-item elementor-content-item\">\n\t\t\t\t\t\tModification of the intake and discharge structure at CTPALM in Tuxpan, Veracruz.\t\t\t\t\t<\/div>\n\t\t\t\t\n\t\t\t\t\t\t\t<\/div>\n\t\t\t\t\t\t<\/a>\n\t\t\t\t\t\t<\/div>\n\t\t\t\t<\/div>\n\t\t\t\t<\/div>\n\t\t<div class=\"elementor-element elementor-element-2f256d5 e-con-full e-flex e-con e-child\" data-id=\"2f256d5\" data-element_type=\"container\">\n\t\t\t\t<div class=\"elementor-element elementor-element-0f92c3d elementor-cta--valign-top elementor-cta--skin-classic elementor-animated-content elementor-bg-transform elementor-bg-transform-zoom-in elementor-widget elementor-widget-call-to-action\" data-id=\"0f92c3d\" data-element_type=\"widget\" data-widget_type=\"call-to-action.default\">\n\t\t\t\t<div class=\"elementor-widget-container\">\n\t\t\t\t\t\t\t<a class=\"elementor-cta\" href=\"https:\/\/ccocoa.com\/en\/construccion-de-tuberia-submarina-para-petrocel\/\">\n\t\t\t\t\t<div class=\"elementor-cta__bg-wrapper\">\n\t\t\t\t<div class=\"elementor-cta__bg elementor-bg\" style=\"background-image: url(https:\/\/ccocoa.com\/wp-content\/uploads\/2015\/09\/petrocel6.jpg);\" role=\"img\" aria-label=\"petrocel6\"><\/div>\n\t\t\t\t<div class=\"elementor-cta__bg-overlay\"><\/div>\n\t\t\t<\/div>\n\t\t\t\t\t\t\t<div class=\"elementor-cta__content\">\n\t\t\t\t\n\t\t\t\t\t\t\t\t\t<h2 class=\"elementor-cta__title elementor-cta__content-item elementor-content-item\">\n\t\t\t\t\t\tCONSTRUCTION OF SUBMARINE PIPELINE FOR PETROCEL\t\t\t\t\t<\/h2>\n\t\t\t\t\n\t\t\t\t\t\t\t\t\t<div class=\"elementor-cta__description elementor-cta__content-item elementor-content-item\">\n\t\t\t\t\t\tConstruction of a 24\" diameter submarine pipeline for Petrocel in Tampico, Mexico.\n\t\t\t\t\t<\/div>\n\t\t\t\t\n\t\t\t\t\t\t\t<\/div>\n\t\t\t\t\t\t<\/a>\n\t\t\t\t\t\t<\/div>\n\t\t\t\t<\/div>\n\t\t\t\t<\/div>\n\t\t<div class=\"elementor-element elementor-element-a230d86 e-con-full e-flex e-con e-child\" data-id=\"a230d86\" data-element_type=\"container\">\n\t\t\t\t<div class=\"elementor-element elementor-element-4a1a863 elementor-cta--valign-top elementor-cta--skin-classic elementor-animated-content elementor-bg-transform elementor-bg-transform-zoom-in elementor-widget elementor-widget-call-to-action\" data-id=\"4a1a863\" data-element_type=\"widget\" data-widget_type=\"call-to-action.default\">\n\t\t\t\t<div class=\"elementor-widget-container\">\n\t\t\t\t\t\t\t<a class=\"elementor-cta\" href=\"https:\/\/ccocoa.com\/en\/suministro-tendido-e-instalacion-de-tuberia-para-uniroyal-chemical\/\">\n\t\t\t\t\t<div class=\"elementor-cta__bg-wrapper\">\n\t\t\t\t<div class=\"elementor-cta__bg elementor-bg\" style=\"background-image: url(https:\/\/ccocoa.com\/wp-content\/uploads\/2020\/01\/DSC00004.jpg);\" role=\"img\" aria-label=\"tuberia uniroyal chemical\"><\/div>\n\t\t\t\t<div class=\"elementor-cta__bg-overlay\"><\/div>\n\t\t\t<\/div>\n\t\t\t\t\t\t\t<div class=\"elementor-cta__content\">\n\t\t\t\t\n\t\t\t\t\t\t\t\t\t<h2 class=\"elementor-cta__title elementor-cta__content-item elementor-content-item\">\n\t\t\t\t\t\tSUPPLY, LAYING, AND INSTALLATION OF PIPELINE FOR UNIROYAL CHEMICAL\t\t\t\t\t<\/h2>\n\t\t\t\t\n\t\t\t\t\t\t\t\t\t<div class=\"elementor-cta__description elementor-cta__content-item elementor-content-item\">\n\t\t\t\t\t\tSupplying, laying, and installing a 500-meter HDPE discharge pipeline, 6\" in diameter, encased in a 12\" \u00d8 steel pipeline.\n\t\t\t\t\t<\/div>\n\t\t\t\t\n\t\t\t\t\t\t\t<\/div>\n\t\t\t\t\t\t<\/a>\n\t\t\t\t\t\t<\/div>\n\t\t\t\t<\/div>\n\t\t\t\t<\/div>\n\t\t<div class=\"elementor-element elementor-element-060ff6a e-con-full e-flex e-con e-child\" data-id=\"060ff6a\" data-element_type=\"container\">\n\t\t\t\t<div class=\"elementor-element elementor-element-f91ab09 elementor-cta--valign-top elementor-cta--skin-classic elementor-animated-content elementor-bg-transform elementor-bg-transform-zoom-in elementor-widget elementor-widget-call-to-action\" data-id=\"f91ab09\" data-element_type=\"widget\" data-widget_type=\"call-to-action.default\">\n\t\t\t\t<div class=\"elementor-widget-container\">\n\t\t\t\t\t\t\t<a class=\"elementor-cta\" href=\"#!\">\n\t\t\t\t\t<div class=\"elementor-cta__bg-wrapper\">\n\t\t\t\t<div class=\"elementor-cta__bg elementor-bg\" style=\"background-image: url(https:\/\/ccocoa.com\/wp-content\/uploads\/2020\/01\/IMG_7321.jpg);\" role=\"img\" aria-label=\"inima tuberia\"><\/div>\n\t\t\t\t<div class=\"elementor-cta__bg-overlay\"><\/div>\n\t\t\t<\/div>\n\t\t\t\t\t\t\t<div class=\"elementor-cta__content\">\n\t\t\t\t\n\t\t\t\t\t\t\t\t\t<h2 class=\"elementor-cta__title elementor-cta__content-item elementor-content-item\">\n\t\t\t\t\t\tCONSTRUCTION AND LAYING OF PIPELINE FOR SEA WATER DESALINATION FOR GS INIMA MEXICO SA DE CV\t\t\t\t\t<\/h2>\n\t\t\t\t\n\t\t\t\t\t\t\t\t\t<div class=\"elementor-cta__description elementor-cta__content-item elementor-content-item\">\n\t\t\t\t\t\tConstruction and laying of HDPE pipelines with diameters of 48\" and 42\" for the seawater intake and desalination plant in Ensenada, Baja California.\n\t\t\t\t\t<\/div>\n\t\t\t\t\n\t\t\t\t\t\t\t<\/div>\n\t\t\t\t\t\t<\/a>\n\t\t\t\t\t\t<\/div>\n\t\t\t\t<\/div>\n\t\t\t\t<\/div>\n\t\t\t\t\t<\/div>\n\t\t\t\t<\/div>\n\t\t\t\t\t<\/div>\n\t\t\t\t<\/div>\n\t\t\t\t<\/div>","protected":false},"excerpt":{"rendered":"<p>\u00a0 Modificaci\u00f3n de la obra de toma y descarga Modificaci\u00f3n de la obra de toma y descarga del CTPALM en Tuxpan, Veracruz\u2026. &nbsp; Construcci\u00f3n de tuber\u00eda submarina de PETROCEL Construcci\u00f3n de tuber\u00eda submarina de 24\u2033 de di\u00e1metro para Petrocel en Tampico, M\u00e9xico\u2026 &nbsp; Suministro, tendido e instalaci\u00f3n de tuber\u00eda para UNIROYAL CHEMICAL Suministro, tendido e instalaci\u00f3n de 500 mts tuber\u00eda &#8230;<\/p>","protected":false},"author":3,"featured_media":0,"parent":0,"menu_order":0,"comment_status":"closed","ping_status":"closed","template":"","meta":{"footnotes":""},"class_list":["post-1508915","page","type-page","status-publish","hentry","no-post-thumbnail"],"yoast_head":"<!-- This site is optimized with the Yoast SEO plugin v24.3 - https:\/\/yoast.com\/wordpress\/plugins\/seo\/ -->\n<title>Tendidos - Corporativo Costa Afuera<\/title>\n<meta name=\"robots\" content=\"index, follow, max-snippet:-1, max-image-preview:large, max-video-preview:-1\" \/>\n<link rel=\"canonical\" href=\"https:\/\/ccocoa.com\/en\/tendidos\/\" \/>\n<meta property=\"og:locale\" content=\"en_US\" \/>\n<meta property=\"og:type\" content=\"article\" \/>\n<meta property=\"og:title\" content=\"Tendidos - Corporativo Costa Afuera\" \/>\n<meta property=\"og:description\" content=\"\u00a0 Modificaci\u00f3n de la obra de toma y descarga Modificaci\u00f3n de la obra de toma y descarga del CTPALM en Tuxpan, Veracruz\u2026. &nbsp; Construcci\u00f3n de tuber\u00eda submarina de PETROCEL Construcci\u00f3n de tuber\u00eda submarina de 24\u2033 de di\u00e1metro para Petrocel en Tampico, M\u00e9xico\u2026 &nbsp; Suministro, tendido e instalaci\u00f3n de tuber\u00eda para UNIROYAL CHEMICAL Suministro, tendido e instalaci\u00f3n de 500 mts tuber\u00eda ...\" \/>\n<meta property=\"og:url\" content=\"https:\/\/ccocoa.com\/en\/tendidos\/\" \/>\n<meta property=\"og:site_name\" content=\"Corporativo Costa Afuera\" \/>\n<meta property=\"article:publisher\" content=\"https:\/\/www.facebook.com\/CorporativoCostaAfuera\/\" \/>\n<meta property=\"article:modified_time\" content=\"2024-06-03T19:05:35+00:00\" \/>\n<meta name=\"twitter:label1\" content=\"Est. reading time\" \/>\n\t<meta name=\"twitter:data1\" content=\"1 minute\" \/>\n<script type=\"application\/ld+json\" class=\"yoast-schema-graph\">{\"@context\":\"https:\/\/schema.org\",\"@graph\":[{\"@type\":\"WebPage\",\"@id\":\"https:\/\/ccocoa.com\/tendidos\/\",\"url\":\"https:\/\/ccocoa.com\/tendidos\/\",\"name\":\"Tendidos - Corporativo Costa Afuera\",\"isPartOf\":{\"@id\":\"https:\/\/ccocoa.com\/#website\"},\"datePublished\":\"2024-01-09T11:12:03+00:00\",\"dateModified\":\"2024-06-03T19:05:35+00:00\",\"breadcrumb\":{\"@id\":\"https:\/\/ccocoa.com\/tendidos\/#breadcrumb\"},\"inLanguage\":\"en-US\",\"potentialAction\":[{\"@type\":\"ReadAction\",\"target\":[\"https:\/\/ccocoa.com\/tendidos\/\"]}]},{\"@type\":\"BreadcrumbList\",\"@id\":\"https:\/\/ccocoa.com\/tendidos\/#breadcrumb\",\"itemListElement\":[{\"@type\":\"ListItem\",\"position\":1,\"name\":\"Portada\",\"item\":\"https:\/\/ccocoa.com\/\"},{\"@type\":\"ListItem\",\"position\":2,\"name\":\"tendidos\"}]},{\"@type\":\"WebSite\",\"@id\":\"https:\/\/ccocoa.com\/#website\",\"url\":\"https:\/\/ccocoa.com\/\",\"name\":\"Corporativo Costa Afuera\",\"description\":\"Construcci\u00f3n Marina y Submarina\",\"publisher\":{\"@id\":\"https:\/\/ccocoa.com\/#organization\"},\"potentialAction\":[{\"@type\":\"SearchAction\",\"target\":{\"@type\":\"EntryPoint\",\"urlTemplate\":\"https:\/\/ccocoa.com\/?s={search_term_string}\"},\"query-input\":{\"@type\":\"PropertyValueSpecification\",\"valueRequired\":true,\"valueName\":\"search_term_string\"}}],\"inLanguage\":\"en-US\"},{\"@type\":\"Organization\",\"@id\":\"https:\/\/ccocoa.com\/#organization\",\"name\":\"Corporativo Costa Afuera\",\"url\":\"https:\/\/ccocoa.com\/\",\"logo\":{\"@type\":\"ImageObject\",\"inLanguage\":\"en-US\",\"@id\":\"https:\/\/ccocoa.com\/#\/schema\/logo\/image\/\",\"url\":\"https:\/\/ccocoa.com\/wp-content\/uploads\/2018\/02\/logo.png\",\"contentUrl\":\"https:\/\/ccocoa.com\/wp-content\/uploads\/2018\/02\/logo.png\",\"width\":100,\"height\":100,\"caption\":\"Corporativo Costa Afuera\"},\"image\":{\"@id\":\"https:\/\/ccocoa.com\/#\/schema\/logo\/image\/\"},\"sameAs\":[\"https:\/\/www.facebook.com\/CorporativoCostaAfuera\/\",\"https:\/\/x.com\/CorpCostaAfuera\",\"https:\/\/www.tiktok.com\/@corporativocostaafuera\"]}]}<\/script>\n<!-- \/ Yoast SEO plugin. -->","yoast_head_json":{"title":"Tendidos - Corporativo Costa Afuera","robots":{"index":"index","follow":"follow","max-snippet":"max-snippet:-1","max-image-preview":"max-image-preview:large","max-video-preview":"max-video-preview:-1"},"canonical":"https:\/\/ccocoa.com\/en\/tendidos\/","og_locale":"en_US","og_type":"article","og_title":"Tendidos - Corporativo Costa Afuera","og_description":"\u00a0 Modificaci\u00f3n de la obra de toma y descarga Modificaci\u00f3n de la obra de toma y descarga del CTPALM en Tuxpan, Veracruz\u2026. &nbsp; Construcci\u00f3n de tuber\u00eda submarina de PETROCEL Construcci\u00f3n de tuber\u00eda submarina de 24\u2033 de di\u00e1metro para Petrocel en Tampico, M\u00e9xico\u2026 &nbsp; Suministro, tendido e instalaci\u00f3n de tuber\u00eda para UNIROYAL CHEMICAL Suministro, tendido e instalaci\u00f3n de 500 mts tuber\u00eda ...","og_url":"https:\/\/ccocoa.com\/en\/tendidos\/","og_site_name":"Corporativo Costa Afuera","article_publisher":"https:\/\/www.facebook.com\/CorporativoCostaAfuera\/","article_modified_time":"2024-06-03T19:05:35+00:00","twitter_misc":{"Est. reading time":"1 minute"},"schema":{"@context":"https:\/\/schema.org","@graph":[{"@type":"WebPage","@id":"https:\/\/ccocoa.com\/tendidos\/","url":"https:\/\/ccocoa.com\/tendidos\/","name":"Tendidos - Corporativo Costa Afuera","isPartOf":{"@id":"https:\/\/ccocoa.com\/#website"},"datePublished":"2024-01-09T11:12:03+00:00","dateModified":"2024-06-03T19:05:35+00:00","breadcrumb":{"@id":"https:\/\/ccocoa.com\/tendidos\/#breadcrumb"},"inLanguage":"en-US","potentialAction":[{"@type":"ReadAction","target":["https:\/\/ccocoa.com\/tendidos\/"]}]},{"@type":"BreadcrumbList","@id":"https:\/\/ccocoa.com\/tendidos\/#breadcrumb","itemListElement":[{"@type":"ListItem","position":1,"name":"Portada","item":"https:\/\/ccocoa.com\/"},{"@type":"ListItem","position":2,"name":"tendidos"}]},{"@type":"WebSite","@id":"https:\/\/ccocoa.com\/#website","url":"https:\/\/ccocoa.com\/","name":"Corporativo Costa Afuera","description":"Construcci\u00f3n Marina y Submarina","publisher":{"@id":"https:\/\/ccocoa.com\/#organization"},"potentialAction":[{"@type":"SearchAction","target":{"@type":"EntryPoint","urlTemplate":"https:\/\/ccocoa.com\/?s={search_term_string}"},"query-input":{"@type":"PropertyValueSpecification","valueRequired":true,"valueName":"search_term_string"}}],"inLanguage":"en-US"},{"@type":"Organization","@id":"https:\/\/ccocoa.com\/#organization","name":"Corporativo Costa Afuera","url":"https:\/\/ccocoa.com\/","logo":{"@type":"ImageObject","inLanguage":"en-US","@id":"https:\/\/ccocoa.com\/#\/schema\/logo\/image\/","url":"https:\/\/ccocoa.com\/wp-content\/uploads\/2018\/02\/logo.png","contentUrl":"https:\/\/ccocoa.com\/wp-content\/uploads\/2018\/02\/logo.png","width":100,"height":100,"caption":"Corporativo Costa Afuera"},"image":{"@id":"https:\/\/ccocoa.com\/#\/schema\/logo\/image\/"},"sameAs":["https:\/\/www.facebook.com\/CorporativoCostaAfuera\/","https:\/\/x.com\/CorpCostaAfuera","https:\/\/www.tiktok.com\/@corporativocostaafuera"]}]}},"_links":{"self":[{"href":"https:\/\/ccocoa.com\/en\/wp-json\/wp\/v2\/pages\/1508915","targetHints":{"allow":["GET"]}}],"collection":[{"href":"https:\/\/ccocoa.com\/en\/wp-json\/wp\/v2\/pages"}],"about":[{"href":"https:\/\/ccocoa.com\/en\/wp-json\/wp\/v2\/types\/page"}],"author":[{"embeddable":true,"href":"https:\/\/ccocoa.com\/en\/wp-json\/wp\/v2\/users\/3"}],"replies":[{"embeddable":true,"href":"https:\/\/ccocoa.com\/en\/wp-json\/wp\/v2\/comments?post=1508915"}],"version-history":[{"count":35,"href":"https:\/\/ccocoa.com\/en\/wp-json\/wp\/v2\/pages\/1508915\/revisions"}],"predecessor-version":[{"id":1510671,"href":"https:\/\/ccocoa.com\/en\/wp-json\/wp\/v2\/pages\/1508915\/revisions\/1510671"}],"wp:attachment":[{"href":"https:\/\/ccocoa.com\/en\/wp-json\/wp\/v2\/media?parent=1508915"}],"curies":[{"name":"wp","href":"https:\/\/api.w.org\/{rel}","templated":true}]}}