{"id":1509080,"date":"2024-01-10T05:48:47","date_gmt":"2024-01-10T05:48:47","guid":{"rendered":"https:\/\/ccocoa.com\/?page_id=1509080"},"modified":"2024-05-18T00:31:21","modified_gmt":"2024-05-18T00:31:21","slug":"cimentaciones-y-edificaciones","status":"publish","type":"page","link":"https:\/\/ccocoa.com\/en\/quienes-somos\/cimentaciones-y-edificaciones\/","title":{"rendered":"Foundations and Buildings"},"content":{"rendered":"<div data-elementor-type=\"wp-page\" data-elementor-id=\"1509080\" class=\"elementor elementor-1509080\" data-elementor-post-type=\"page\">\n\t\t\t\t<div class=\"elementor-element elementor-element-713baa5b e-flex e-con-boxed e-con e-parent\" data-id=\"713baa5b\" data-element_type=\"container\" data-settings=\"{&quot;background_background&quot;:&quot;classic&quot;,&quot;shape_divider_bottom&quot;:&quot;opacity-tilt&quot;}\">\n\t\t\t\t\t<div class=\"e-con-inner\">\n\t\t\t\t<div class=\"elementor-shape elementor-shape-bottom\" data-negative=\"false\">\n\t\t\t<svg xmlns=\"http:\/\/www.w3.org\/2000\/svg\" viewbox=\"0 0 2600 131.1\" preserveaspectratio=\"none\">\n\t<path class=\"elementor-shape-fill\" d=\"M0 0L2600 0 2600 69.1 0 0z\"\/>\n\t<path class=\"elementor-shape-fill\" style=\"opacity:0.5\" d=\"M0 0L2600 0 2600 69.1 0 69.1z\"\/>\n\t<path class=\"elementor-shape-fill\" style=\"opacity:0.25\" d=\"M2600 0L0 0 0 130.1 2600 69.1z\"\/>\n<\/svg>\t\t<\/div>\n\t\t\t\t<div class=\"elementor-element elementor-element-60002ff9 animated-slow elementor-invisible elementor-widget elementor-widget-heading\" data-id=\"60002ff9\" data-element_type=\"widget\" data-settings=\"{&quot;_animation&quot;:&quot;fadeInUp&quot;}\" data-widget_type=\"heading.default\">\n\t\t\t\t<div class=\"elementor-widget-container\">\n\t\t\t\t\t<h2 class=\"elementor-heading-title elementor-size-default\">Foundations and Buildings<\/h2>\t\t\t\t<\/div>\n\t\t\t\t<\/div>\n\t\t\t\t\t<\/div>\n\t\t\t\t<\/div>\n\t\t<div class=\"elementor-element elementor-element-1c7ef00 e-flex e-con-boxed e-con e-parent\" data-id=\"1c7ef00\" data-element_type=\"container\" data-settings=\"{&quot;background_background&quot;:&quot;classic&quot;}\">\n\t\t\t\t\t<div class=\"e-con-inner\">\n\t\t<div class=\"elementor-element elementor-element-cdd1522 e-flex e-con-boxed e-con e-child\" data-id=\"cdd1522\" data-element_type=\"container\">\n\t\t\t\t\t<div class=\"e-con-inner\">\n\t\t<div class=\"elementor-element elementor-element-ea88dc8 e-con-full e-flex e-con e-child\" data-id=\"ea88dc8\" data-element_type=\"container\">\n\t\t\t\t<div class=\"elementor-element elementor-element-05ea4f6 elementor-cta--valign-top elementor-cta--skin-classic elementor-animated-content elementor-bg-transform elementor-bg-transform-zoom-in elementor-widget elementor-widget-call-to-action\" data-id=\"05ea4f6\" data-element_type=\"widget\" data-widget_type=\"call-to-action.default\">\n\t\t\t\t<div class=\"elementor-widget-container\">\n\t\t\t\t\t\t\t<a class=\"elementor-cta\" href=\"https:\/\/ccocoa.com\/en\/cimentacion-profunda-a-base-de-pilas-agencia-nissan\/\">\n\t\t\t\t\t<div class=\"elementor-cta__bg-wrapper\">\n\t\t\t\t<div class=\"elementor-cta__bg elementor-bg\" style=\"background-image: url(https:\/\/ccocoa.com\/wp-content\/uploads\/2020\/01\/IMG_20200103_104004-scaled.jpg);\" role=\"img\" aria-label=\"IMG_20200103_104004\"><\/div>\n\t\t\t\t<div class=\"elementor-cta__bg-overlay\"><\/div>\n\t\t\t<\/div>\n\t\t\t\t\t\t\t<div class=\"elementor-cta__content\">\n\t\t\t\t\n\t\t\t\t\t\t\t\t\t<h2 class=\"elementor-cta__title elementor-cta__content-item elementor-content-item\">\n\t\t\t\t\t\tDeep foundation using piles for NISSAN Agency.\t\t\t\t\t<\/h2>\n\t\t\t\t\n\t\t\t\t\t\t\t\t\t<div class=\"elementor-cta__description elementor-cta__content-item elementor-content-item\">\n\t\t\t\t\t\tDeep foundations were carried out, as well as establishing the piles for the NISSAN Agency structure.\t\t\t\t\t<\/div>\n\t\t\t\t\n\t\t\t\t\t\t\t<\/div>\n\t\t\t\t\t\t<\/a>\n\t\t\t\t\t\t<\/div>\n\t\t\t\t<\/div>\n\t\t\t\t<\/div>\n\t\t<div class=\"elementor-element elementor-element-2f256d5 e-con-full e-flex e-con e-child\" data-id=\"2f256d5\" data-element_type=\"container\">\n\t\t\t\t<div class=\"elementor-element elementor-element-0f92c3d elementor-cta--valign-top elementor-cta--skin-classic elementor-animated-content elementor-bg-transform elementor-bg-transform-zoom-in elementor-widget elementor-widget-call-to-action\" data-id=\"0f92c3d\" data-element_type=\"widget\" data-widget_type=\"call-to-action.default\">\n\t\t\t\t<div class=\"elementor-widget-container\">\n\t\t\t\t\t\t\t<a class=\"elementor-cta\" href=\"https:\/\/ccocoa.com\/en\/construccion-de-cimentacion-y-subestructura-para-puente-el-ojite\/\">\n\t\t\t\t\t<div class=\"elementor-cta__bg-wrapper\">\n\t\t\t\t<div class=\"elementor-cta__bg elementor-bg\" style=\"background-image: url(https:\/\/ccocoa.com\/wp-content\/uploads\/2020\/01\/IMG-20180716-WA0025.jpg);\" role=\"img\" aria-label=\"construccion de puente ojite\"><\/div>\n\t\t\t\t<div class=\"elementor-cta__bg-overlay\"><\/div>\n\t\t\t<\/div>\n\t\t\t\t\t\t\t<div class=\"elementor-cta__content\">\n\t\t\t\t\n\t\t\t\t\t\t\t\t\t<h2 class=\"elementor-cta__title elementor-cta__content-item elementor-content-item\">\n\t\t\t\t\t\tConstruction of foundation and substructure for \u201cEl Ojite\u201d bridge.\t\t\t\t\t<\/h2>\n\t\t\t\t\n\t\t\t\t\t\t\t\t\t<div class=\"elementor-cta__description elementor-cta__content-item elementor-content-item\">\n\t\t\t\t\t\tFoundation and substructure for the \u201cEl Ojite\u201d vehicular bridge over the Tuxpan River between the municipalities of Alamo, Temapache and Tuxpan\n\t\t\t\t\t<\/div>\n\t\t\t\t\n\t\t\t\t\t\t\t<\/div>\n\t\t\t\t\t\t<\/a>\n\t\t\t\t\t\t<\/div>\n\t\t\t\t<\/div>\n\t\t\t\t<\/div>\n\t\t\t\t\t<\/div>\n\t\t\t\t<\/div>\n\t\t\t\t\t<\/div>\n\t\t\t\t<\/div>\n\t\t\t\t<\/div>","protected":false},"excerpt":{"rendered":"<p>Cimentaci\u00f3n profunda a base de pilas, Agencia NISSAN Se realiz\u00f3 cimentaci\u00f3n profunda, as\u00ed como establecer los pilotes para la estructura de la Agencia NISSAN. Construcci\u00f3n de cimentaci\u00f3n y subestructura para puente \u201cEl Ojite\u201d. Cimentaci\u00f3n y subestructura para el puente vehicular \u201cEl Ojite\u201d sobre el rio Tuxpan entre los municipios de Alamo, Temapache y Tuxpan<\/p>","protected":false},"author":3,"featured_media":0,"parent":1508248,"menu_order":0,"comment_status":"closed","ping_status":"closed","template":"","meta":{"footnotes":""},"class_list":["post-1509080","page","type-page","status-publish","hentry","no-post-thumbnail"],"yoast_head":"<!-- This site is optimized with the Yoast SEO plugin v24.3 - https:\/\/yoast.com\/wordpress\/plugins\/seo\/ -->\n<title>Cimentaciones y Edificaciones - Corporativo Costa Afuera<\/title>\n<meta name=\"robots\" content=\"index, follow, max-snippet:-1, max-image-preview:large, max-video-preview:-1\" \/>\n<link rel=\"canonical\" href=\"https:\/\/ccocoa.com\/en\/quienes-somos\/cimentaciones-y-edificaciones\/\" \/>\n<meta property=\"og:locale\" content=\"en_US\" \/>\n<meta property=\"og:type\" content=\"article\" \/>\n<meta property=\"og:title\" content=\"Cimentaciones y Edificaciones - Corporativo Costa Afuera\" \/>\n<meta property=\"og:description\" content=\"Cimentaci\u00f3n profunda a base de pilas, Agencia NISSAN Se realiz\u00f3 cimentaci\u00f3n profunda, as\u00ed como establecer los pilotes para la estructura de la Agencia NISSAN. Construcci\u00f3n de cimentaci\u00f3n y subestructura para puente \u201cEl Ojite\u201d. Cimentaci\u00f3n y subestructura para el puente vehicular \u201cEl Ojite\u201d sobre el rio Tuxpan entre los municipios de Alamo, Temapache y Tuxpan\" \/>\n<meta property=\"og:url\" content=\"https:\/\/ccocoa.com\/en\/quienes-somos\/cimentaciones-y-edificaciones\/\" \/>\n<meta property=\"og:site_name\" content=\"Corporativo Costa Afuera\" \/>\n<meta property=\"article:publisher\" content=\"https:\/\/www.facebook.com\/CorporativoCostaAfuera\/\" \/>\n<meta property=\"article:modified_time\" content=\"2024-05-18T00:31:21+00:00\" \/>\n<meta name=\"twitter:label1\" content=\"Est. reading time\" \/>\n\t<meta name=\"twitter:data1\" content=\"1 minute\" \/>\n<script type=\"application\/ld+json\" class=\"yoast-schema-graph\">{\"@context\":\"https:\/\/schema.org\",\"@graph\":[{\"@type\":\"WebPage\",\"@id\":\"https:\/\/ccocoa.com\/quienes-somos\/cimentaciones-y-edificaciones\/\",\"url\":\"https:\/\/ccocoa.com\/quienes-somos\/cimentaciones-y-edificaciones\/\",\"name\":\"Cimentaciones y Edificaciones - Corporativo Costa Afuera\",\"isPartOf\":{\"@id\":\"https:\/\/ccocoa.com\/#website\"},\"datePublished\":\"2024-01-10T05:48:47+00:00\",\"dateModified\":\"2024-05-18T00:31:21+00:00\",\"breadcrumb\":{\"@id\":\"https:\/\/ccocoa.com\/quienes-somos\/cimentaciones-y-edificaciones\/#breadcrumb\"},\"inLanguage\":\"en-US\",\"potentialAction\":[{\"@type\":\"ReadAction\",\"target\":[\"https:\/\/ccocoa.com\/quienes-somos\/cimentaciones-y-edificaciones\/\"]}]},{\"@type\":\"BreadcrumbList\",\"@id\":\"https:\/\/ccocoa.com\/quienes-somos\/cimentaciones-y-edificaciones\/#breadcrumb\",\"itemListElement\":[{\"@type\":\"ListItem\",\"position\":1,\"name\":\"Portada\",\"item\":\"https:\/\/ccocoa.com\/\"},{\"@type\":\"ListItem\",\"position\":2,\"name\":\"Quienes Somos\",\"item\":\"https:\/\/ccocoa.com\/quienes-somos\/\"},{\"@type\":\"ListItem\",\"position\":3,\"name\":\"Cimentaciones y Edificaciones\"}]},{\"@type\":\"WebSite\",\"@id\":\"https:\/\/ccocoa.com\/#website\",\"url\":\"https:\/\/ccocoa.com\/\",\"name\":\"Corporativo Costa Afuera\",\"description\":\"Construcci\u00f3n Marina y Submarina\",\"publisher\":{\"@id\":\"https:\/\/ccocoa.com\/#organization\"},\"potentialAction\":[{\"@type\":\"SearchAction\",\"target\":{\"@type\":\"EntryPoint\",\"urlTemplate\":\"https:\/\/ccocoa.com\/?s={search_term_string}\"},\"query-input\":{\"@type\":\"PropertyValueSpecification\",\"valueRequired\":true,\"valueName\":\"search_term_string\"}}],\"inLanguage\":\"en-US\"},{\"@type\":\"Organization\",\"@id\":\"https:\/\/ccocoa.com\/#organization\",\"name\":\"Corporativo Costa Afuera\",\"url\":\"https:\/\/ccocoa.com\/\",\"logo\":{\"@type\":\"ImageObject\",\"inLanguage\":\"en-US\",\"@id\":\"https:\/\/ccocoa.com\/#\/schema\/logo\/image\/\",\"url\":\"https:\/\/ccocoa.com\/wp-content\/uploads\/2018\/02\/logo.png\",\"contentUrl\":\"https:\/\/ccocoa.com\/wp-content\/uploads\/2018\/02\/logo.png\",\"width\":100,\"height\":100,\"caption\":\"Corporativo Costa Afuera\"},\"image\":{\"@id\":\"https:\/\/ccocoa.com\/#\/schema\/logo\/image\/\"},\"sameAs\":[\"https:\/\/www.facebook.com\/CorporativoCostaAfuera\/\",\"https:\/\/x.com\/CorpCostaAfuera\",\"https:\/\/www.tiktok.com\/@corporativocostaafuera\"]}]}<\/script>\n<!-- \/ Yoast SEO plugin. -->","yoast_head_json":{"title":"Cimentaciones y Edificaciones - Corporativo Costa Afuera","robots":{"index":"index","follow":"follow","max-snippet":"max-snippet:-1","max-image-preview":"max-image-preview:large","max-video-preview":"max-video-preview:-1"},"canonical":"https:\/\/ccocoa.com\/en\/quienes-somos\/cimentaciones-y-edificaciones\/","og_locale":"en_US","og_type":"article","og_title":"Cimentaciones y Edificaciones - Corporativo Costa Afuera","og_description":"Cimentaci\u00f3n profunda a base de pilas, Agencia NISSAN Se realiz\u00f3 cimentaci\u00f3n profunda, as\u00ed como establecer los pilotes para la estructura de la Agencia NISSAN. Construcci\u00f3n de cimentaci\u00f3n y subestructura para puente \u201cEl Ojite\u201d. Cimentaci\u00f3n y subestructura para el puente vehicular \u201cEl Ojite\u201d sobre el rio Tuxpan entre los municipios de Alamo, Temapache y Tuxpan","og_url":"https:\/\/ccocoa.com\/en\/quienes-somos\/cimentaciones-y-edificaciones\/","og_site_name":"Corporativo Costa Afuera","article_publisher":"https:\/\/www.facebook.com\/CorporativoCostaAfuera\/","article_modified_time":"2024-05-18T00:31:21+00:00","twitter_misc":{"Est. reading time":"1 minute"},"schema":{"@context":"https:\/\/schema.org","@graph":[{"@type":"WebPage","@id":"https:\/\/ccocoa.com\/quienes-somos\/cimentaciones-y-edificaciones\/","url":"https:\/\/ccocoa.com\/quienes-somos\/cimentaciones-y-edificaciones\/","name":"Cimentaciones y Edificaciones - Corporativo Costa Afuera","isPartOf":{"@id":"https:\/\/ccocoa.com\/#website"},"datePublished":"2024-01-10T05:48:47+00:00","dateModified":"2024-05-18T00:31:21+00:00","breadcrumb":{"@id":"https:\/\/ccocoa.com\/quienes-somos\/cimentaciones-y-edificaciones\/#breadcrumb"},"inLanguage":"en-US","potentialAction":[{"@type":"ReadAction","target":["https:\/\/ccocoa.com\/quienes-somos\/cimentaciones-y-edificaciones\/"]}]},{"@type":"BreadcrumbList","@id":"https:\/\/ccocoa.com\/quienes-somos\/cimentaciones-y-edificaciones\/#breadcrumb","itemListElement":[{"@type":"ListItem","position":1,"name":"Portada","item":"https:\/\/ccocoa.com\/"},{"@type":"ListItem","position":2,"name":"Quienes Somos","item":"https:\/\/ccocoa.com\/quienes-somos\/"},{"@type":"ListItem","position":3,"name":"Cimentaciones y Edificaciones"}]},{"@type":"WebSite","@id":"https:\/\/ccocoa.com\/#website","url":"https:\/\/ccocoa.com\/","name":"Corporativo Costa Afuera","description":"Construcci\u00f3n Marina y Submarina","publisher":{"@id":"https:\/\/ccocoa.com\/#organization"},"potentialAction":[{"@type":"SearchAction","target":{"@type":"EntryPoint","urlTemplate":"https:\/\/ccocoa.com\/?s={search_term_string}"},"query-input":{"@type":"PropertyValueSpecification","valueRequired":true,"valueName":"search_term_string"}}],"inLanguage":"en-US"},{"@type":"Organization","@id":"https:\/\/ccocoa.com\/#organization","name":"Corporativo Costa Afuera","url":"https:\/\/ccocoa.com\/","logo":{"@type":"ImageObject","inLanguage":"en-US","@id":"https:\/\/ccocoa.com\/#\/schema\/logo\/image\/","url":"https:\/\/ccocoa.com\/wp-content\/uploads\/2018\/02\/logo.png","contentUrl":"https:\/\/ccocoa.com\/wp-content\/uploads\/2018\/02\/logo.png","width":100,"height":100,"caption":"Corporativo Costa Afuera"},"image":{"@id":"https:\/\/ccocoa.com\/#\/schema\/logo\/image\/"},"sameAs":["https:\/\/www.facebook.com\/CorporativoCostaAfuera\/","https:\/\/x.com\/CorpCostaAfuera","https:\/\/www.tiktok.com\/@corporativocostaafuera"]}]}},"_links":{"self":[{"href":"https:\/\/ccocoa.com\/en\/wp-json\/wp\/v2\/pages\/1509080","targetHints":{"allow":["GET"]}}],"collection":[{"href":"https:\/\/ccocoa.com\/en\/wp-json\/wp\/v2\/pages"}],"about":[{"href":"https:\/\/ccocoa.com\/en\/wp-json\/wp\/v2\/types\/page"}],"author":[{"embeddable":true,"href":"https:\/\/ccocoa.com\/en\/wp-json\/wp\/v2\/users\/3"}],"replies":[{"embeddable":true,"href":"https:\/\/ccocoa.com\/en\/wp-json\/wp\/v2\/comments?post=1509080"}],"version-history":[{"count":22,"href":"https:\/\/ccocoa.com\/en\/wp-json\/wp\/v2\/pages\/1509080\/revisions"}],"predecessor-version":[{"id":1510578,"href":"https:\/\/ccocoa.com\/en\/wp-json\/wp\/v2\/pages\/1509080\/revisions\/1510578"}],"up":[{"embeddable":true,"href":"https:\/\/ccocoa.com\/en\/wp-json\/wp\/v2\/pages\/1508248"}],"wp:attachment":[{"href":"https:\/\/ccocoa.com\/en\/wp-json\/wp\/v2\/media?parent=1509080"}],"curies":[{"name":"wp","href":"https:\/\/api.w.org\/{rel}","templated":true}]}}