{"id":1509093,"date":"2024-01-10T06:09:07","date_gmt":"2024-01-10T06:09:07","guid":{"rendered":"https:\/\/ccocoa.com\/?page_id=1509093"},"modified":"2024-05-20T23:40:07","modified_gmt":"2024-05-20T23:40:07","slug":"cimentacion-profunda-a-base-de-pilas-agencia-nissan","status":"publish","type":"page","link":"https:\/\/ccocoa.com\/en\/cimentacion-profunda-a-base-de-pilas-agencia-nissan\/","title":{"rendered":"Deep foundation using piles for NISSAN Agency."},"content":{"rendered":"<div data-elementor-type=\"wp-page\" data-elementor-id=\"1509093\" class=\"elementor elementor-1509093\" data-elementor-post-type=\"page\">\n\t\t\t\t<div class=\"elementor-element elementor-element-966719e e-flex e-con-boxed e-con e-parent\" data-id=\"966719e\" data-element_type=\"container\" data-settings=\"{&quot;background_background&quot;:&quot;classic&quot;,&quot;shape_divider_bottom&quot;:&quot;opacity-tilt&quot;}\">\n\t\t\t\t\t<div class=\"e-con-inner\">\n\t\t\t\t<div class=\"elementor-shape elementor-shape-bottom\" data-negative=\"false\">\n\t\t\t<svg xmlns=\"http:\/\/www.w3.org\/2000\/svg\" viewbox=\"0 0 2600 131.1\" preserveaspectratio=\"none\">\n\t<path class=\"elementor-shape-fill\" d=\"M0 0L2600 0 2600 69.1 0 0z\"\/>\n\t<path class=\"elementor-shape-fill\" style=\"opacity:0.5\" d=\"M0 0L2600 0 2600 69.1 0 69.1z\"\/>\n\t<path class=\"elementor-shape-fill\" style=\"opacity:0.25\" d=\"M2600 0L0 0 0 130.1 2600 69.1z\"\/>\n<\/svg>\t\t<\/div>\n\t\t\t\t<div class=\"elementor-element elementor-element-3cf44bdc animated-slow elementor-invisible elementor-widget elementor-widget-heading\" data-id=\"3cf44bdc\" data-element_type=\"widget\" data-settings=\"{&quot;_animation&quot;:&quot;fadeInUp&quot;}\" data-widget_type=\"heading.default\">\n\t\t\t\t<div class=\"elementor-widget-container\">\n\t\t\t\t\t<h2 class=\"elementor-heading-title elementor-size-default\">Deep foundation using piles for NISSAN Agency.<\/h2>\t\t\t\t<\/div>\n\t\t\t\t<\/div>\n\t\t\t\t\t<\/div>\n\t\t\t\t<\/div>\n\t\t<div class=\"elementor-element elementor-element-0caba39 e-flex e-con-boxed e-con e-parent\" data-id=\"0caba39\" data-element_type=\"container\">\n\t\t\t\t\t<div class=\"e-con-inner\">\n\t\t<div class=\"elementor-element elementor-element-93599e2 e-con-full e-flex e-con e-child\" data-id=\"93599e2\" data-element_type=\"container\">\n\t\t<div class=\"elementor-element elementor-element-ea04831 e-con-full e-flex e-con e-child\" data-id=\"ea04831\" data-element_type=\"container\">\n\t\t\t\t<div class=\"elementor-element elementor-element-0987fb9 elementor-widget elementor-widget-heading\" data-id=\"0987fb9\" data-element_type=\"widget\" data-widget_type=\"heading.default\">\n\t\t\t\t<div class=\"elementor-widget-container\">\n\t\t\t\t\t<h5 class=\"elementor-heading-title elementor-size-default\">Deep foundation using piles for NISSAN Agency.<\/h5>\t\t\t\t<\/div>\n\t\t\t\t<\/div>\n\t\t\t\t<div class=\"elementor-element elementor-element-20a299f elementor-widget elementor-widget-text-editor\" data-id=\"20a299f\" data-element_type=\"widget\" data-widget_type=\"text-editor.default\">\n\t\t\t\t<div class=\"elementor-widget-container\">\n\t\t\t\t\t\t\t\t\tTuxpan, Veracruz. Year 2019.<br>\nClient: API\t\t\t\t\t\t\t\t<\/div>\n\t\t\t\t<\/div>\n\t\t\t\t<\/div>\n\t\t<div class=\"elementor-element elementor-element-aec975c e-con-full e-flex e-con e-child\" data-id=\"aec975c\" data-element_type=\"container\">\n\t\t\t\t<div class=\"elementor-element elementor-element-f39c697 elementor-widget elementor-widget-heading\" data-id=\"f39c697\" data-element_type=\"widget\" data-widget_type=\"heading.default\">\n\t\t\t\t<div class=\"elementor-widget-container\">\n\t\t\t\t\t<h5 class=\"elementor-heading-title elementor-size-default\">PROJECT DESCRIPTION:\n<\/h5>\t\t\t\t<\/div>\n\t\t\t\t<\/div>\n\t\t\t\t<div class=\"elementor-element elementor-element-43b5603 elementor-widget elementor-widget-text-editor\" data-id=\"43b5603\" data-element_type=\"widget\" data-widget_type=\"text-editor.default\">\n\t\t\t\t<div class=\"elementor-widget-container\">\n\t\t\t\t\t\t\t\t\tA deep foundation was carried out, as well as establishing the piles for the NISSAN Agency structure.\t\t\t\t\t\t\t\t<\/div>\n\t\t\t\t<\/div>\n\t\t\t\t<\/div>\n\t\t\t\t<\/div>\n\t\t<div class=\"elementor-element elementor-element-471b3db e-con-full e-flex e-con e-child\" data-id=\"471b3db\" data-element_type=\"container\">\n\t\t\t\t<div class=\"elementor-element elementor-element-75adfe9 elementor-widget elementor-widget-gallery\" data-id=\"75adfe9\" data-element_type=\"widget\" data-settings=\"{&quot;columns&quot;:3,&quot;gap&quot;:{&quot;unit&quot;:&quot;px&quot;,&quot;size&quot;:14,&quot;sizes&quot;:[]},&quot;aspect_ratio&quot;:&quot;4:3&quot;,&quot;image_hover_animation&quot;:&quot;grow&quot;,&quot;gallery_layout&quot;:&quot;grid&quot;,&quot;columns_tablet&quot;:2,&quot;columns_mobile&quot;:1,&quot;gap_laptop&quot;:{&quot;unit&quot;:&quot;px&quot;,&quot;size&quot;:10,&quot;sizes&quot;:[]},&quot;gap_tablet&quot;:{&quot;unit&quot;:&quot;px&quot;,&quot;size&quot;:10,&quot;sizes&quot;:[]},&quot;gap_mobile&quot;:{&quot;unit&quot;:&quot;px&quot;,&quot;size&quot;:10,&quot;sizes&quot;:[]},&quot;link_to&quot;:&quot;file&quot;,&quot;overlay_background&quot;:&quot;yes&quot;,&quot;content_hover_animation&quot;:&quot;fade-in&quot;}\" data-widget_type=\"gallery.default\">\n\t\t\t\t<div class=\"elementor-widget-container\">\n\t\t\t\t\t\t\t<div class=\"elementor-gallery__container\">\n\t\t\t\t\t\t\t<a class=\"e-gallery-item elementor-gallery-item elementor-animated-content\" href=\"https:\/\/ccocoa.com\/wp-content\/uploads\/2020\/01\/DSCN0401.jpg\" data-elementor-open-lightbox=\"yes\" data-elementor-lightbox-slideshow=\"75adfe9\" data-elementor-lightbox-title=\"DSCN0401\" data-e-action-hash=\"#elementor-action%3Aaction%3Dlightbox%26settings%3DeyJpZCI6NTA3OTcxLCJ1cmwiOiJodHRwczpcL1wvY2NvY29hLmNvbVwvd3AtY29udGVudFwvdXBsb2Fkc1wvMjAyMFwvMDFcL0RTQ04wNDAxLmpwZyIsInNsaWRlc2hvdyI6Ijc1YWRmZTkifQ%3D%3D\">\n\t\t\t\t\t<div class=\"e-gallery-image elementor-gallery-item__image\" data-thumbnail=\"https:\/\/ccocoa.com\/wp-content\/uploads\/2020\/01\/DSCN0401-768x576.jpg\" data-width=\"768\" data-height=\"576\" aria-label=\"\" role=\"img\" ><\/div>\n\t\t\t\t\t\t\t\t\t\t\t<div class=\"elementor-gallery-item__overlay\"><\/div>\n\t\t\t\t\t\t\t\t\t\t\t\t\t\t<\/a>\n\t\t\t\t\t\t\t<a class=\"e-gallery-item elementor-gallery-item elementor-animated-content\" href=\"https:\/\/ccocoa.com\/wp-content\/uploads\/2020\/01\/DSCN9779.jpg\" data-elementor-open-lightbox=\"yes\" data-elementor-lightbox-slideshow=\"75adfe9\" data-elementor-lightbox-title=\"DSCN9779\" data-e-action-hash=\"#elementor-action%3Aaction%3Dlightbox%26settings%3DeyJpZCI6NTA3OTcwLCJ1cmwiOiJodHRwczpcL1wvY2NvY29hLmNvbVwvd3AtY29udGVudFwvdXBsb2Fkc1wvMjAyMFwvMDFcL0RTQ045Nzc5LmpwZyIsInNsaWRlc2hvdyI6Ijc1YWRmZTkifQ%3D%3D\">\n\t\t\t\t\t<div class=\"e-gallery-image elementor-gallery-item__image\" data-thumbnail=\"https:\/\/ccocoa.com\/wp-content\/uploads\/2020\/01\/DSCN9779-768x576.jpg\" data-width=\"768\" data-height=\"576\" aria-label=\"\" role=\"img\" ><\/div>\n\t\t\t\t\t\t\t\t\t\t\t<div class=\"elementor-gallery-item__overlay\"><\/div>\n\t\t\t\t\t\t\t\t\t\t\t\t\t\t<\/a>\n\t\t\t\t\t\t\t<a class=\"e-gallery-item elementor-gallery-item elementor-animated-content\" href=\"https:\/\/ccocoa.com\/wp-content\/uploads\/2020\/01\/DSCN9890.jpg\" data-elementor-open-lightbox=\"yes\" data-elementor-lightbox-slideshow=\"75adfe9\" data-elementor-lightbox-title=\"DSCN9890\" data-e-action-hash=\"#elementor-action%3Aaction%3Dlightbox%26settings%3DeyJpZCI6NTA3OTY5LCJ1cmwiOiJodHRwczpcL1wvY2NvY29hLmNvbVwvd3AtY29udGVudFwvdXBsb2Fkc1wvMjAyMFwvMDFcL0RTQ045ODkwLmpwZyIsInNsaWRlc2hvdyI6Ijc1YWRmZTkifQ%3D%3D\">\n\t\t\t\t\t<div class=\"e-gallery-image elementor-gallery-item__image\" data-thumbnail=\"https:\/\/ccocoa.com\/wp-content\/uploads\/2020\/01\/DSCN9890-768x576.jpg\" data-width=\"768\" data-height=\"576\" aria-label=\"\" role=\"img\" ><\/div>\n\t\t\t\t\t\t\t\t\t\t\t<div class=\"elementor-gallery-item__overlay\"><\/div>\n\t\t\t\t\t\t\t\t\t\t\t\t\t\t<\/a>\n\t\t\t\t\t\t\t<a class=\"e-gallery-item elementor-gallery-item elementor-animated-content\" href=\"https:\/\/ccocoa.com\/wp-content\/uploads\/2020\/01\/SAM_0022.jpg\" data-elementor-open-lightbox=\"yes\" data-elementor-lightbox-slideshow=\"75adfe9\" data-elementor-lightbox-title=\"SAM_0022\" data-e-action-hash=\"#elementor-action%3Aaction%3Dlightbox%26settings%3DeyJpZCI6NTA3OTY4LCJ1cmwiOiJodHRwczpcL1wvY2NvY29hLmNvbVwvd3AtY29udGVudFwvdXBsb2Fkc1wvMjAyMFwvMDFcL1NBTV8wMDIyLmpwZyIsInNsaWRlc2hvdyI6Ijc1YWRmZTkifQ%3D%3D\">\n\t\t\t\t\t<div class=\"e-gallery-image elementor-gallery-item__image\" data-thumbnail=\"https:\/\/ccocoa.com\/wp-content\/uploads\/2020\/01\/SAM_0022-768x576.jpg\" data-width=\"768\" data-height=\"576\" aria-label=\"\" role=\"img\" ><\/div>\n\t\t\t\t\t\t\t\t\t\t\t<div class=\"elementor-gallery-item__overlay\"><\/div>\n\t\t\t\t\t\t\t\t\t\t\t\t\t\t<\/a>\n\t\t\t\t\t\t\t<a class=\"e-gallery-item elementor-gallery-item elementor-animated-content\" href=\"https:\/\/ccocoa.com\/wp-content\/uploads\/2020\/01\/IMG_20200103_104004-scaled.jpg\" data-elementor-open-lightbox=\"yes\" data-elementor-lightbox-slideshow=\"75adfe9\" data-elementor-lightbox-title=\"IMG_20200103_104004\" data-e-action-hash=\"#elementor-action%3Aaction%3Dlightbox%26settings%3DeyJpZCI6NTA4MTMxLCJ1cmwiOiJodHRwczpcL1wvY2NvY29hLmNvbVwvd3AtY29udGVudFwvdXBsb2Fkc1wvMjAyMFwvMDFcL0lNR18yMDIwMDEwM18xMDQwMDQtc2NhbGVkLmpwZyIsInNsaWRlc2hvdyI6Ijc1YWRmZTkifQ%3D%3D\">\n\t\t\t\t\t<div class=\"e-gallery-image elementor-gallery-item__image\" data-thumbnail=\"https:\/\/ccocoa.com\/wp-content\/uploads\/2020\/01\/IMG_20200103_104004-768x432.jpg\" data-width=\"768\" data-height=\"432\" aria-label=\"\" role=\"img\" ><\/div>\n\t\t\t\t\t\t\t\t\t\t\t<div class=\"elementor-gallery-item__overlay\"><\/div>\n\t\t\t\t\t\t\t\t\t\t\t\t\t\t<\/a>\n\t\t\t\t\t<\/div>\n\t\t\t\t\t<\/div>\n\t\t\t\t<\/div>\n\t\t\t\t<\/div>\n\t\t\t\t\t<\/div>\n\t\t\t\t<\/div>\n\t\t\t\t<\/div>","protected":false},"excerpt":{"rendered":"<p>Cimentaci\u00f3n profunda a base de pilas, Agencia NISSAN Tuxpan, Veracruz. A\u00f1o 2019. Cliente: API Descripci\u00f3n del proyecto: Se realiz\u00f3 cimentaci\u00f3n profunda, as\u00ed como establecer los pilotes para la estructura de la Agencia NISSAN..<\/p>","protected":false},"author":3,"featured_media":0,"parent":0,"menu_order":0,"comment_status":"closed","ping_status":"closed","template":"","meta":{"footnotes":""},"class_list":["post-1509093","page","type-page","status-publish","hentry","no-post-thumbnail"],"yoast_head":"<!-- This site is optimized with the Yoast SEO plugin v24.3 - https:\/\/yoast.com\/wordpress\/plugins\/seo\/ -->\n<title>Cimentaci\u00f3n profunda a base de pilas, Agencia NISSAN - Corporativo Costa Afuera<\/title>\n<meta name=\"robots\" content=\"index, follow, max-snippet:-1, max-image-preview:large, max-video-preview:-1\" \/>\n<link rel=\"canonical\" href=\"https:\/\/ccocoa.com\/en\/cimentacion-profunda-a-base-de-pilas-agencia-nissan\/\" \/>\n<meta property=\"og:locale\" content=\"en_US\" \/>\n<meta property=\"og:type\" content=\"article\" \/>\n<meta property=\"og:title\" content=\"Cimentaci\u00f3n profunda a base de pilas, Agencia NISSAN - Corporativo Costa Afuera\" \/>\n<meta property=\"og:description\" content=\"Cimentaci\u00f3n profunda a base de pilas, Agencia NISSAN Tuxpan, Veracruz. A\u00f1o 2019. Cliente: API Descripci\u00f3n del proyecto: Se realiz\u00f3 cimentaci\u00f3n profunda, as\u00ed como establecer los pilotes para la estructura de la Agencia NISSAN..\" \/>\n<meta property=\"og:url\" content=\"https:\/\/ccocoa.com\/en\/cimentacion-profunda-a-base-de-pilas-agencia-nissan\/\" \/>\n<meta property=\"og:site_name\" content=\"Corporativo Costa Afuera\" \/>\n<meta property=\"article:publisher\" content=\"https:\/\/www.facebook.com\/CorporativoCostaAfuera\/\" \/>\n<meta property=\"article:modified_time\" content=\"2024-05-20T23:40:07+00:00\" \/>\n<meta name=\"twitter:label1\" content=\"Est. reading time\" \/>\n\t<meta name=\"twitter:data1\" content=\"1 minute\" \/>\n<script type=\"application\/ld+json\" class=\"yoast-schema-graph\">{\"@context\":\"https:\/\/schema.org\",\"@graph\":[{\"@type\":\"WebPage\",\"@id\":\"https:\/\/ccocoa.com\/cimentacion-profunda-a-base-de-pilas-agencia-nissan\/\",\"url\":\"https:\/\/ccocoa.com\/cimentacion-profunda-a-base-de-pilas-agencia-nissan\/\",\"name\":\"Cimentaci\u00f3n profunda a base de pilas, Agencia NISSAN - Corporativo Costa Afuera\",\"isPartOf\":{\"@id\":\"https:\/\/ccocoa.com\/#website\"},\"datePublished\":\"2024-01-10T06:09:07+00:00\",\"dateModified\":\"2024-05-20T23:40:07+00:00\",\"breadcrumb\":{\"@id\":\"https:\/\/ccocoa.com\/cimentacion-profunda-a-base-de-pilas-agencia-nissan\/#breadcrumb\"},\"inLanguage\":\"en-US\",\"potentialAction\":[{\"@type\":\"ReadAction\",\"target\":[\"https:\/\/ccocoa.com\/cimentacion-profunda-a-base-de-pilas-agencia-nissan\/\"]}]},{\"@type\":\"BreadcrumbList\",\"@id\":\"https:\/\/ccocoa.com\/cimentacion-profunda-a-base-de-pilas-agencia-nissan\/#breadcrumb\",\"itemListElement\":[{\"@type\":\"ListItem\",\"position\":1,\"name\":\"Portada\",\"item\":\"https:\/\/ccocoa.com\/\"},{\"@type\":\"ListItem\",\"position\":2,\"name\":\"Cimentaci\u00f3n profunda a base de pilas, Agencia NISSAN\"}]},{\"@type\":\"WebSite\",\"@id\":\"https:\/\/ccocoa.com\/#website\",\"url\":\"https:\/\/ccocoa.com\/\",\"name\":\"Corporativo Costa Afuera\",\"description\":\"Construcci\u00f3n Marina y Submarina\",\"publisher\":{\"@id\":\"https:\/\/ccocoa.com\/#organization\"},\"potentialAction\":[{\"@type\":\"SearchAction\",\"target\":{\"@type\":\"EntryPoint\",\"urlTemplate\":\"https:\/\/ccocoa.com\/?s={search_term_string}\"},\"query-input\":{\"@type\":\"PropertyValueSpecification\",\"valueRequired\":true,\"valueName\":\"search_term_string\"}}],\"inLanguage\":\"en-US\"},{\"@type\":\"Organization\",\"@id\":\"https:\/\/ccocoa.com\/#organization\",\"name\":\"Corporativo Costa Afuera\",\"url\":\"https:\/\/ccocoa.com\/\",\"logo\":{\"@type\":\"ImageObject\",\"inLanguage\":\"en-US\",\"@id\":\"https:\/\/ccocoa.com\/#\/schema\/logo\/image\/\",\"url\":\"https:\/\/ccocoa.com\/wp-content\/uploads\/2018\/02\/logo.png\",\"contentUrl\":\"https:\/\/ccocoa.com\/wp-content\/uploads\/2018\/02\/logo.png\",\"width\":100,\"height\":100,\"caption\":\"Corporativo Costa Afuera\"},\"image\":{\"@id\":\"https:\/\/ccocoa.com\/#\/schema\/logo\/image\/\"},\"sameAs\":[\"https:\/\/www.facebook.com\/CorporativoCostaAfuera\/\",\"https:\/\/x.com\/CorpCostaAfuera\",\"https:\/\/www.tiktok.com\/@corporativocostaafuera\"]}]}<\/script>\n<!-- \/ Yoast SEO plugin. -->","yoast_head_json":{"title":"Cimentaci\u00f3n profunda a base de pilas, Agencia NISSAN - Corporativo Costa Afuera","robots":{"index":"index","follow":"follow","max-snippet":"max-snippet:-1","max-image-preview":"max-image-preview:large","max-video-preview":"max-video-preview:-1"},"canonical":"https:\/\/ccocoa.com\/en\/cimentacion-profunda-a-base-de-pilas-agencia-nissan\/","og_locale":"en_US","og_type":"article","og_title":"Cimentaci\u00f3n profunda a base de pilas, Agencia NISSAN - Corporativo Costa Afuera","og_description":"Cimentaci\u00f3n profunda a base de pilas, Agencia NISSAN Tuxpan, Veracruz. A\u00f1o 2019. Cliente: API Descripci\u00f3n del proyecto: Se realiz\u00f3 cimentaci\u00f3n profunda, as\u00ed como establecer los pilotes para la estructura de la Agencia NISSAN..","og_url":"https:\/\/ccocoa.com\/en\/cimentacion-profunda-a-base-de-pilas-agencia-nissan\/","og_site_name":"Corporativo Costa Afuera","article_publisher":"https:\/\/www.facebook.com\/CorporativoCostaAfuera\/","article_modified_time":"2024-05-20T23:40:07+00:00","twitter_misc":{"Est. reading time":"1 minute"},"schema":{"@context":"https:\/\/schema.org","@graph":[{"@type":"WebPage","@id":"https:\/\/ccocoa.com\/cimentacion-profunda-a-base-de-pilas-agencia-nissan\/","url":"https:\/\/ccocoa.com\/cimentacion-profunda-a-base-de-pilas-agencia-nissan\/","name":"Cimentaci\u00f3n profunda a base de pilas, Agencia NISSAN - Corporativo Costa Afuera","isPartOf":{"@id":"https:\/\/ccocoa.com\/#website"},"datePublished":"2024-01-10T06:09:07+00:00","dateModified":"2024-05-20T23:40:07+00:00","breadcrumb":{"@id":"https:\/\/ccocoa.com\/cimentacion-profunda-a-base-de-pilas-agencia-nissan\/#breadcrumb"},"inLanguage":"en-US","potentialAction":[{"@type":"ReadAction","target":["https:\/\/ccocoa.com\/cimentacion-profunda-a-base-de-pilas-agencia-nissan\/"]}]},{"@type":"BreadcrumbList","@id":"https:\/\/ccocoa.com\/cimentacion-profunda-a-base-de-pilas-agencia-nissan\/#breadcrumb","itemListElement":[{"@type":"ListItem","position":1,"name":"Portada","item":"https:\/\/ccocoa.com\/"},{"@type":"ListItem","position":2,"name":"Cimentaci\u00f3n profunda a base de pilas, Agencia NISSAN"}]},{"@type":"WebSite","@id":"https:\/\/ccocoa.com\/#website","url":"https:\/\/ccocoa.com\/","name":"Corporativo Costa Afuera","description":"Construcci\u00f3n Marina y Submarina","publisher":{"@id":"https:\/\/ccocoa.com\/#organization"},"potentialAction":[{"@type":"SearchAction","target":{"@type":"EntryPoint","urlTemplate":"https:\/\/ccocoa.com\/?s={search_term_string}"},"query-input":{"@type":"PropertyValueSpecification","valueRequired":true,"valueName":"search_term_string"}}],"inLanguage":"en-US"},{"@type":"Organization","@id":"https:\/\/ccocoa.com\/#organization","name":"Corporativo Costa Afuera","url":"https:\/\/ccocoa.com\/","logo":{"@type":"ImageObject","inLanguage":"en-US","@id":"https:\/\/ccocoa.com\/#\/schema\/logo\/image\/","url":"https:\/\/ccocoa.com\/wp-content\/uploads\/2018\/02\/logo.png","contentUrl":"https:\/\/ccocoa.com\/wp-content\/uploads\/2018\/02\/logo.png","width":100,"height":100,"caption":"Corporativo Costa Afuera"},"image":{"@id":"https:\/\/ccocoa.com\/#\/schema\/logo\/image\/"},"sameAs":["https:\/\/www.facebook.com\/CorporativoCostaAfuera\/","https:\/\/x.com\/CorpCostaAfuera","https:\/\/www.tiktok.com\/@corporativocostaafuera"]}]}},"_links":{"self":[{"href":"https:\/\/ccocoa.com\/en\/wp-json\/wp\/v2\/pages\/1509093","targetHints":{"allow":["GET"]}}],"collection":[{"href":"https:\/\/ccocoa.com\/en\/wp-json\/wp\/v2\/pages"}],"about":[{"href":"https:\/\/ccocoa.com\/en\/wp-json\/wp\/v2\/types\/page"}],"author":[{"embeddable":true,"href":"https:\/\/ccocoa.com\/en\/wp-json\/wp\/v2\/users\/3"}],"replies":[{"embeddable":true,"href":"https:\/\/ccocoa.com\/en\/wp-json\/wp\/v2\/comments?post=1509093"}],"version-history":[{"count":19,"href":"https:\/\/ccocoa.com\/en\/wp-json\/wp\/v2\/pages\/1509093\/revisions"}],"predecessor-version":[{"id":1510593,"href":"https:\/\/ccocoa.com\/en\/wp-json\/wp\/v2\/pages\/1509093\/revisions\/1510593"}],"wp:attachment":[{"href":"https:\/\/ccocoa.com\/en\/wp-json\/wp\/v2\/media?parent=1509093"}],"curies":[{"name":"wp","href":"https:\/\/api.w.org\/{rel}","templated":true}]}}