{"id":1509266,"date":"2024-01-10T07:22:10","date_gmt":"2024-01-10T07:22:10","guid":{"rendered":"https:\/\/ccocoa.com\/?page_id=1509266"},"modified":"2024-05-27T18:48:47","modified_gmt":"2024-05-27T18:48:47","slug":"mantenimiento-plataformas-ductos","status":"publish","type":"page","link":"https:\/\/ccocoa.com\/en\/mantenimiento-plataformas-ductos\/","title":{"rendered":"Maintenance of Pipeline Platforms"},"content":{"rendered":"<div data-elementor-type=\"wp-page\" data-elementor-id=\"1509266\" class=\"elementor elementor-1509266\" data-elementor-post-type=\"page\">\n\t\t\t\t<div class=\"elementor-element elementor-element-4d5fb9bc e-flex e-con-boxed e-con e-parent\" data-id=\"4d5fb9bc\" data-element_type=\"container\" data-settings=\"{&quot;background_background&quot;:&quot;classic&quot;,&quot;shape_divider_bottom&quot;:&quot;opacity-tilt&quot;}\">\n\t\t\t\t\t<div class=\"e-con-inner\">\n\t\t\t\t<div class=\"elementor-shape elementor-shape-bottom\" data-negative=\"false\">\n\t\t\t<svg xmlns=\"http:\/\/www.w3.org\/2000\/svg\" viewbox=\"0 0 2600 131.1\" preserveaspectratio=\"none\">\n\t<path class=\"elementor-shape-fill\" d=\"M0 0L2600 0 2600 69.1 0 0z\"\/>\n\t<path class=\"elementor-shape-fill\" style=\"opacity:0.5\" d=\"M0 0L2600 0 2600 69.1 0 69.1z\"\/>\n\t<path class=\"elementor-shape-fill\" style=\"opacity:0.25\" d=\"M2600 0L0 0 0 130.1 2600 69.1z\"\/>\n<\/svg>\t\t<\/div>\n\t\t\t\t<div class=\"elementor-element elementor-element-751f368b animated-slow elementor-invisible elementor-widget elementor-widget-heading\" data-id=\"751f368b\" data-element_type=\"widget\" data-settings=\"{&quot;_animation&quot;:&quot;fadeInUp&quot;}\" data-widget_type=\"heading.default\">\n\t\t\t\t<div class=\"elementor-widget-container\">\n\t\t\t\t\t<h2 class=\"elementor-heading-title elementor-size-default\">Maintenance of Pipeline Platforms<\/h2>\t\t\t\t<\/div>\n\t\t\t\t<\/div>\n\t\t\t\t\t<\/div>\n\t\t\t\t<\/div>\n\t\t<div class=\"elementor-element elementor-element-1ad3a52e e-flex e-con-boxed e-con e-parent\" data-id=\"1ad3a52e\" data-element_type=\"container\">\n\t\t\t\t\t<div class=\"e-con-inner\">\n\t\t<div class=\"elementor-element elementor-element-2dd36c02 e-con-full e-flex e-con e-child\" data-id=\"2dd36c02\" data-element_type=\"container\">\n\t\t<div class=\"elementor-element elementor-element-606f23fe e-con-full e-flex e-con e-child\" data-id=\"606f23fe\" data-element_type=\"container\">\n\t\t\t\t<div class=\"elementor-element elementor-element-73e04af3 elementor-widget elementor-widget-heading\" data-id=\"73e04af3\" data-element_type=\"widget\" data-widget_type=\"heading.default\">\n\t\t\t\t<div class=\"elementor-widget-container\">\n\t\t\t\t\t<h5 class=\"elementor-heading-title elementor-size-default\">Project details\n<\/h5>\t\t\t\t<\/div>\n\t\t\t\t<\/div>\n\t\t\t\t<div class=\"elementor-element elementor-element-1a9c7657 elementor-widget elementor-widget-text-editor\" data-id=\"1a9c7657\" data-element_type=\"widget\" data-widget_type=\"text-editor.default\">\n\t\t\t\t<div class=\"elementor-widget-container\">\n\t\t\t\t\t\t\t\t\t<p>Client URL: <a href=\"http:\/\/www.pemex.com\/\">http:\/\/www.pemex.com\/<\/a> <br \/>Project executed by COCOA <br \/>Date of completion: 1999<br \/>Client: PEMEX<\/p>\t\t\t\t\t\t\t\t<\/div>\n\t\t\t\t<\/div>\n\t\t\t\t<\/div>\n\t\t<div class=\"elementor-element elementor-element-6d4c8861 e-con-full e-flex e-con e-child\" data-id=\"6d4c8861\" data-element_type=\"container\">\n\t\t\t\t<div class=\"elementor-element elementor-element-46e91f93 elementor-widget elementor-widget-heading\" data-id=\"46e91f93\" data-element_type=\"widget\" data-widget_type=\"heading.default\">\n\t\t\t\t<div class=\"elementor-widget-container\">\n\t\t\t\t\t<h5 class=\"elementor-heading-title elementor-size-default\">PROJECT DESCRIPTION:\n<\/h5>\t\t\t\t<\/div>\n\t\t\t\t<\/div>\n\t\t\t\t<div class=\"elementor-element elementor-element-cf33bb8 elementor-widget elementor-widget-text-editor\" data-id=\"cf33bb8\" data-element_type=\"widget\" data-widget_type=\"text-editor.default\">\n\t\t\t\t<div class=\"elementor-widget-container\">\n\t\t\t\t\t\t\t\t\t<p>Contract ONSM-048\/00<\/p><div class=\"flex flex-grow flex-col max-w-full\"><div class=\"min-h-[20px] text-message flex flex-col items-start whitespace-pre-wrap break-words [.text-message+&amp;]:mt-5 juice:w-full juice:items-end overflow-x-auto gap-2\" dir=\"auto\" data-message-author-role=\"assistant\" data-message-id=\"13547c67-f33d-4915-94bc-9e9a5cc16377\"><div class=\"flex w-full flex-col gap-1 juice:empty:hidden juice:first:pt-[3px]\"><div class=\"markdown prose w-full break-words dark:prose-invert light\"><p>A detailed inspection of the underwater section was conducted, focusing on the welds and cathodic protection. In the superstructure of the platform, structural members such as railings, stairs, and floors were replaced. Additionally, sandblasting and painting systems were applied.<\/p><\/div><\/div><\/div><\/div>\t\t\t\t\t\t\t\t<\/div>\n\t\t\t\t<\/div>\n\t\t\t\t<\/div>\n\t\t\t\t<\/div>\n\t\t<div class=\"elementor-element elementor-element-6dc2297b e-con-full e-flex e-con e-child\" data-id=\"6dc2297b\" data-element_type=\"container\">\n\t\t\t\t<div class=\"elementor-element elementor-element-69ed89d6 elementor-widget elementor-widget-gallery\" data-id=\"69ed89d6\" data-element_type=\"widget\" data-settings=\"{&quot;columns&quot;:2,&quot;gap&quot;:{&quot;unit&quot;:&quot;px&quot;,&quot;size&quot;:14,&quot;sizes&quot;:[]},&quot;aspect_ratio&quot;:&quot;4:3&quot;,&quot;image_hover_animation&quot;:&quot;grow&quot;,&quot;gallery_layout&quot;:&quot;grid&quot;,&quot;columns_tablet&quot;:2,&quot;columns_mobile&quot;:1,&quot;gap_laptop&quot;:{&quot;unit&quot;:&quot;px&quot;,&quot;size&quot;:10,&quot;sizes&quot;:[]},&quot;gap_tablet&quot;:{&quot;unit&quot;:&quot;px&quot;,&quot;size&quot;:10,&quot;sizes&quot;:[]},&quot;gap_mobile&quot;:{&quot;unit&quot;:&quot;px&quot;,&quot;size&quot;:10,&quot;sizes&quot;:[]},&quot;link_to&quot;:&quot;file&quot;,&quot;overlay_background&quot;:&quot;yes&quot;,&quot;content_hover_animation&quot;:&quot;fade-in&quot;}\" data-widget_type=\"gallery.default\">\n\t\t\t\t<div class=\"elementor-widget-container\">\n\t\t\t\t\t\t\t<div class=\"elementor-gallery__container\">\n\t\t\t\t\t\t\t<a class=\"e-gallery-item elementor-gallery-item elementor-animated-content\" href=\"https:\/\/ccocoa.com\/wp-content\/uploads\/2015\/09\/ductos1.jpg\" data-elementor-open-lightbox=\"yes\" data-elementor-lightbox-slideshow=\"69ed89d6\" data-elementor-lightbox-title=\"ductos1\" data-e-action-hash=\"#elementor-action%3Aaction%3Dlightbox%26settings%3DeyJpZCI6NzM0NywidXJsIjoiaHR0cHM6XC9cL2Njb2NvYS5jb21cL3dwLWNvbnRlbnRcL3VwbG9hZHNcLzIwMTVcLzA5XC9kdWN0b3MxLmpwZyIsInNsaWRlc2hvdyI6IjY5ZWQ4OWQ2In0%3D\">\n\t\t\t\t\t<div class=\"e-gallery-image elementor-gallery-item__image\" data-thumbnail=\"https:\/\/ccocoa.com\/wp-content\/uploads\/2015\/09\/ductos1.jpg\" data-width=\"576\" data-height=\"436\" aria-label=\"\" role=\"img\" ><\/div>\n\t\t\t\t\t\t\t\t\t\t\t<div class=\"elementor-gallery-item__overlay\"><\/div>\n\t\t\t\t\t\t\t\t\t\t\t\t\t\t<\/a>\n\t\t\t\t\t\t\t<a class=\"e-gallery-item elementor-gallery-item elementor-animated-content\" href=\"https:\/\/ccocoa.com\/wp-content\/uploads\/2015\/09\/ductos2.jpg\" data-elementor-open-lightbox=\"yes\" data-elementor-lightbox-slideshow=\"69ed89d6\" data-elementor-lightbox-title=\"ductos2\" data-e-action-hash=\"#elementor-action%3Aaction%3Dlightbox%26settings%3DeyJpZCI6NzM0NiwidXJsIjoiaHR0cHM6XC9cL2Njb2NvYS5jb21cL3dwLWNvbnRlbnRcL3VwbG9hZHNcLzIwMTVcLzA5XC9kdWN0b3MyLmpwZyIsInNsaWRlc2hvdyI6IjY5ZWQ4OWQ2In0%3D\">\n\t\t\t\t\t<div class=\"e-gallery-image elementor-gallery-item__image\" data-thumbnail=\"https:\/\/ccocoa.com\/wp-content\/uploads\/2015\/09\/ductos2.jpg\" data-width=\"576\" data-height=\"436\" aria-label=\"\" role=\"img\" ><\/div>\n\t\t\t\t\t\t\t\t\t\t\t<div class=\"elementor-gallery-item__overlay\"><\/div>\n\t\t\t\t\t\t\t\t\t\t\t\t\t\t<\/a>\n\t\t\t\t\t\t\t<a class=\"e-gallery-item elementor-gallery-item elementor-animated-content\" href=\"https:\/\/ccocoa.com\/wp-content\/uploads\/2015\/09\/ductos3.jpg\" data-elementor-open-lightbox=\"yes\" data-elementor-lightbox-slideshow=\"69ed89d6\" data-elementor-lightbox-title=\"ductos3\" data-e-action-hash=\"#elementor-action%3Aaction%3Dlightbox%26settings%3DeyJpZCI6NzM0NSwidXJsIjoiaHR0cHM6XC9cL2Njb2NvYS5jb21cL3dwLWNvbnRlbnRcL3VwbG9hZHNcLzIwMTVcLzA5XC9kdWN0b3MzLmpwZyIsInNsaWRlc2hvdyI6IjY5ZWQ4OWQ2In0%3D\">\n\t\t\t\t\t<div class=\"e-gallery-image elementor-gallery-item__image\" data-thumbnail=\"https:\/\/ccocoa.com\/wp-content\/uploads\/2015\/09\/ductos3.jpg\" data-width=\"576\" data-height=\"436\" aria-label=\"\" role=\"img\" ><\/div>\n\t\t\t\t\t\t\t\t\t\t\t<div class=\"elementor-gallery-item__overlay\"><\/div>\n\t\t\t\t\t\t\t\t\t\t\t\t\t\t<\/a>\n\t\t\t\t\t\t\t<a class=\"e-gallery-item elementor-gallery-item elementor-animated-content\" href=\"https:\/\/ccocoa.com\/wp-content\/uploads\/2015\/09\/ductos4.jpg\" data-elementor-open-lightbox=\"yes\" data-elementor-lightbox-slideshow=\"69ed89d6\" data-elementor-lightbox-title=\"ductos4\" data-e-action-hash=\"#elementor-action%3Aaction%3Dlightbox%26settings%3DeyJpZCI6NzM0NCwidXJsIjoiaHR0cHM6XC9cL2Njb2NvYS5jb21cL3dwLWNvbnRlbnRcL3VwbG9hZHNcLzIwMTVcLzA5XC9kdWN0b3M0LmpwZyIsInNsaWRlc2hvdyI6IjY5ZWQ4OWQ2In0%3D\">\n\t\t\t\t\t<div class=\"e-gallery-image elementor-gallery-item__image\" data-thumbnail=\"https:\/\/ccocoa.com\/wp-content\/uploads\/2015\/09\/ductos4.jpg\" data-width=\"576\" data-height=\"436\" aria-label=\"\" role=\"img\" ><\/div>\n\t\t\t\t\t\t\t\t\t\t\t<div class=\"elementor-gallery-item__overlay\"><\/div>\n\t\t\t\t\t\t\t\t\t\t\t\t\t\t<\/a>\n\t\t\t\t\t\t\t<a class=\"e-gallery-item elementor-gallery-item elementor-animated-content\" href=\"https:\/\/ccocoa.com\/wp-content\/uploads\/2015\/09\/ductos5.jpg\" data-elementor-open-lightbox=\"yes\" data-elementor-lightbox-slideshow=\"69ed89d6\" data-elementor-lightbox-title=\"ductos5\" data-e-action-hash=\"#elementor-action%3Aaction%3Dlightbox%26settings%3DeyJpZCI6NzM0MywidXJsIjoiaHR0cHM6XC9cL2Njb2NvYS5jb21cL3dwLWNvbnRlbnRcL3VwbG9hZHNcLzIwMTVcLzA5XC9kdWN0b3M1LmpwZyIsInNsaWRlc2hvdyI6IjY5ZWQ4OWQ2In0%3D\">\n\t\t\t\t\t<div class=\"e-gallery-image elementor-gallery-item__image\" data-thumbnail=\"https:\/\/ccocoa.com\/wp-content\/uploads\/2015\/09\/ductos5.jpg\" data-width=\"610\" data-height=\"461\" aria-label=\"\" role=\"img\" ><\/div>\n\t\t\t\t\t\t\t\t\t\t\t<div class=\"elementor-gallery-item__overlay\"><\/div>\n\t\t\t\t\t\t\t\t\t\t\t\t\t\t<\/a>\n\t\t\t\t\t\t\t<a class=\"e-gallery-item elementor-gallery-item elementor-animated-content\" href=\"https:\/\/ccocoa.com\/wp-content\/uploads\/2015\/09\/ductos6.jpg\" data-elementor-open-lightbox=\"yes\" data-elementor-lightbox-slideshow=\"69ed89d6\" data-elementor-lightbox-title=\"ductos6\" data-e-action-hash=\"#elementor-action%3Aaction%3Dlightbox%26settings%3DeyJpZCI6NzM0MiwidXJsIjoiaHR0cHM6XC9cL2Njb2NvYS5jb21cL3dwLWNvbnRlbnRcL3VwbG9hZHNcLzIwMTVcLzA5XC9kdWN0b3M2LmpwZyIsInNsaWRlc2hvdyI6IjY5ZWQ4OWQ2In0%3D\">\n\t\t\t\t\t<div class=\"e-gallery-image elementor-gallery-item__image\" data-thumbnail=\"https:\/\/ccocoa.com\/wp-content\/uploads\/2015\/09\/ductos6.jpg\" data-width=\"610\" data-height=\"461\" aria-label=\"\" role=\"img\" ><\/div>\n\t\t\t\t\t\t\t\t\t\t\t<div class=\"elementor-gallery-item__overlay\"><\/div>\n\t\t\t\t\t\t\t\t\t\t\t\t\t\t<\/a>\n\t\t\t\t\t<\/div>\n\t\t\t\t\t<\/div>\n\t\t\t\t<\/div>\n\t\t\t\t<\/div>\n\t\t\t\t\t<\/div>\n\t\t\t\t<\/div>\n\t\t\t\t<\/div>","protected":false},"excerpt":{"rendered":"<p>Detalles del proyecto URL del cliente: https:\/\/www.pemex.com\/ Proyecto ejecutado por COCOA Fecha de realizaci\u00f3n: 1999Cliente: PEMEX Descripci\u00f3n del proyecto: Contrato ONSM-048\/00 Se realiz\u00f3 una inspecci\u00f3n detallada de la parte submarina, enfoc\u00e1ndose en las soldaduras y la protecci\u00f3n cat\u00f3dica. En la superestructura de la plataforma, se reemplazaron miembros estructurales como barandales, escaleras y pisos. Adem\u00e1s, se aplicaron sistemas de sandblast y &#8230;<\/p>","protected":false},"author":3,"featured_media":0,"parent":0,"menu_order":0,"comment_status":"closed","ping_status":"closed","template":"","meta":{"footnotes":""},"class_list":["post-1509266","page","type-page","status-publish","hentry","no-post-thumbnail"],"yoast_head":"<!-- This site is optimized with the Yoast SEO plugin v24.3 - https:\/\/yoast.com\/wordpress\/plugins\/seo\/ -->\n<title>mantenimiento plataformas ductos - Corporativo Costa Afuera<\/title>\n<meta name=\"robots\" content=\"index, follow, max-snippet:-1, max-image-preview:large, max-video-preview:-1\" \/>\n<link rel=\"canonical\" href=\"https:\/\/ccocoa.com\/en\/mantenimiento-plataformas-ductos\/\" \/>\n<meta property=\"og:locale\" content=\"en_US\" \/>\n<meta property=\"og:type\" content=\"article\" \/>\n<meta property=\"og:title\" content=\"mantenimiento plataformas ductos - Corporativo Costa Afuera\" \/>\n<meta property=\"og:description\" content=\"Detalles del proyecto URL del cliente: https:\/\/www.pemex.com\/ Proyecto ejecutado por COCOA Fecha de realizaci\u00f3n: 1999Cliente: PEMEX Descripci\u00f3n del proyecto: Contrato ONSM-048\/00 Se realiz\u00f3 una inspecci\u00f3n detallada de la parte submarina, enfoc\u00e1ndose en las soldaduras y la protecci\u00f3n cat\u00f3dica. En la superestructura de la plataforma, se reemplazaron miembros estructurales como barandales, escaleras y pisos. Adem\u00e1s, se aplicaron sistemas de sandblast y ...\" \/>\n<meta property=\"og:url\" content=\"https:\/\/ccocoa.com\/en\/mantenimiento-plataformas-ductos\/\" \/>\n<meta property=\"og:site_name\" content=\"Corporativo Costa Afuera\" \/>\n<meta property=\"article:publisher\" content=\"https:\/\/www.facebook.com\/CorporativoCostaAfuera\/\" \/>\n<meta property=\"article:modified_time\" content=\"2024-05-27T18:48:47+00:00\" \/>\n<meta name=\"twitter:label1\" content=\"Est. reading time\" \/>\n\t<meta name=\"twitter:data1\" content=\"1 minute\" \/>\n<script type=\"application\/ld+json\" class=\"yoast-schema-graph\">{\"@context\":\"https:\/\/schema.org\",\"@graph\":[{\"@type\":\"WebPage\",\"@id\":\"https:\/\/ccocoa.com\/mantenimiento-plataformas-ductos\/\",\"url\":\"https:\/\/ccocoa.com\/mantenimiento-plataformas-ductos\/\",\"name\":\"mantenimiento plataformas ductos - Corporativo Costa Afuera\",\"isPartOf\":{\"@id\":\"https:\/\/ccocoa.com\/#website\"},\"datePublished\":\"2024-01-10T07:22:10+00:00\",\"dateModified\":\"2024-05-27T18:48:47+00:00\",\"breadcrumb\":{\"@id\":\"https:\/\/ccocoa.com\/mantenimiento-plataformas-ductos\/#breadcrumb\"},\"inLanguage\":\"en-US\",\"potentialAction\":[{\"@type\":\"ReadAction\",\"target\":[\"https:\/\/ccocoa.com\/mantenimiento-plataformas-ductos\/\"]}]},{\"@type\":\"BreadcrumbList\",\"@id\":\"https:\/\/ccocoa.com\/mantenimiento-plataformas-ductos\/#breadcrumb\",\"itemListElement\":[{\"@type\":\"ListItem\",\"position\":1,\"name\":\"Portada\",\"item\":\"https:\/\/ccocoa.com\/\"},{\"@type\":\"ListItem\",\"position\":2,\"name\":\"mantenimiento plataformas ductos\"}]},{\"@type\":\"WebSite\",\"@id\":\"https:\/\/ccocoa.com\/#website\",\"url\":\"https:\/\/ccocoa.com\/\",\"name\":\"Corporativo Costa Afuera\",\"description\":\"Construcci\u00f3n Marina y Submarina\",\"publisher\":{\"@id\":\"https:\/\/ccocoa.com\/#organization\"},\"potentialAction\":[{\"@type\":\"SearchAction\",\"target\":{\"@type\":\"EntryPoint\",\"urlTemplate\":\"https:\/\/ccocoa.com\/?s={search_term_string}\"},\"query-input\":{\"@type\":\"PropertyValueSpecification\",\"valueRequired\":true,\"valueName\":\"search_term_string\"}}],\"inLanguage\":\"en-US\"},{\"@type\":\"Organization\",\"@id\":\"https:\/\/ccocoa.com\/#organization\",\"name\":\"Corporativo Costa Afuera\",\"url\":\"https:\/\/ccocoa.com\/\",\"logo\":{\"@type\":\"ImageObject\",\"inLanguage\":\"en-US\",\"@id\":\"https:\/\/ccocoa.com\/#\/schema\/logo\/image\/\",\"url\":\"https:\/\/ccocoa.com\/wp-content\/uploads\/2018\/02\/logo.png\",\"contentUrl\":\"https:\/\/ccocoa.com\/wp-content\/uploads\/2018\/02\/logo.png\",\"width\":100,\"height\":100,\"caption\":\"Corporativo Costa Afuera\"},\"image\":{\"@id\":\"https:\/\/ccocoa.com\/#\/schema\/logo\/image\/\"},\"sameAs\":[\"https:\/\/www.facebook.com\/CorporativoCostaAfuera\/\",\"https:\/\/x.com\/CorpCostaAfuera\",\"https:\/\/www.tiktok.com\/@corporativocostaafuera\"]}]}<\/script>\n<!-- \/ Yoast SEO plugin. -->","yoast_head_json":{"title":"mantenimiento plataformas ductos - Corporativo Costa Afuera","robots":{"index":"index","follow":"follow","max-snippet":"max-snippet:-1","max-image-preview":"max-image-preview:large","max-video-preview":"max-video-preview:-1"},"canonical":"https:\/\/ccocoa.com\/en\/mantenimiento-plataformas-ductos\/","og_locale":"en_US","og_type":"article","og_title":"mantenimiento plataformas ductos - Corporativo Costa Afuera","og_description":"Detalles del proyecto URL del cliente: https:\/\/www.pemex.com\/ Proyecto ejecutado por COCOA Fecha de realizaci\u00f3n: 1999Cliente: PEMEX Descripci\u00f3n del proyecto: Contrato ONSM-048\/00 Se realiz\u00f3 una inspecci\u00f3n detallada de la parte submarina, enfoc\u00e1ndose en las soldaduras y la protecci\u00f3n cat\u00f3dica. En la superestructura de la plataforma, se reemplazaron miembros estructurales como barandales, escaleras y pisos. Adem\u00e1s, se aplicaron sistemas de sandblast y ...","og_url":"https:\/\/ccocoa.com\/en\/mantenimiento-plataformas-ductos\/","og_site_name":"Corporativo Costa Afuera","article_publisher":"https:\/\/www.facebook.com\/CorporativoCostaAfuera\/","article_modified_time":"2024-05-27T18:48:47+00:00","twitter_misc":{"Est. reading time":"1 minute"},"schema":{"@context":"https:\/\/schema.org","@graph":[{"@type":"WebPage","@id":"https:\/\/ccocoa.com\/mantenimiento-plataformas-ductos\/","url":"https:\/\/ccocoa.com\/mantenimiento-plataformas-ductos\/","name":"mantenimiento plataformas ductos - Corporativo Costa Afuera","isPartOf":{"@id":"https:\/\/ccocoa.com\/#website"},"datePublished":"2024-01-10T07:22:10+00:00","dateModified":"2024-05-27T18:48:47+00:00","breadcrumb":{"@id":"https:\/\/ccocoa.com\/mantenimiento-plataformas-ductos\/#breadcrumb"},"inLanguage":"en-US","potentialAction":[{"@type":"ReadAction","target":["https:\/\/ccocoa.com\/mantenimiento-plataformas-ductos\/"]}]},{"@type":"BreadcrumbList","@id":"https:\/\/ccocoa.com\/mantenimiento-plataformas-ductos\/#breadcrumb","itemListElement":[{"@type":"ListItem","position":1,"name":"Portada","item":"https:\/\/ccocoa.com\/"},{"@type":"ListItem","position":2,"name":"mantenimiento plataformas ductos"}]},{"@type":"WebSite","@id":"https:\/\/ccocoa.com\/#website","url":"https:\/\/ccocoa.com\/","name":"Corporativo Costa Afuera","description":"Construcci\u00f3n Marina y Submarina","publisher":{"@id":"https:\/\/ccocoa.com\/#organization"},"potentialAction":[{"@type":"SearchAction","target":{"@type":"EntryPoint","urlTemplate":"https:\/\/ccocoa.com\/?s={search_term_string}"},"query-input":{"@type":"PropertyValueSpecification","valueRequired":true,"valueName":"search_term_string"}}],"inLanguage":"en-US"},{"@type":"Organization","@id":"https:\/\/ccocoa.com\/#organization","name":"Corporativo Costa Afuera","url":"https:\/\/ccocoa.com\/","logo":{"@type":"ImageObject","inLanguage":"en-US","@id":"https:\/\/ccocoa.com\/#\/schema\/logo\/image\/","url":"https:\/\/ccocoa.com\/wp-content\/uploads\/2018\/02\/logo.png","contentUrl":"https:\/\/ccocoa.com\/wp-content\/uploads\/2018\/02\/logo.png","width":100,"height":100,"caption":"Corporativo Costa Afuera"},"image":{"@id":"https:\/\/ccocoa.com\/#\/schema\/logo\/image\/"},"sameAs":["https:\/\/www.facebook.com\/CorporativoCostaAfuera\/","https:\/\/x.com\/CorpCostaAfuera","https:\/\/www.tiktok.com\/@corporativocostaafuera"]}]}},"_links":{"self":[{"href":"https:\/\/ccocoa.com\/en\/wp-json\/wp\/v2\/pages\/1509266","targetHints":{"allow":["GET"]}}],"collection":[{"href":"https:\/\/ccocoa.com\/en\/wp-json\/wp\/v2\/pages"}],"about":[{"href":"https:\/\/ccocoa.com\/en\/wp-json\/wp\/v2\/types\/page"}],"author":[{"embeddable":true,"href":"https:\/\/ccocoa.com\/en\/wp-json\/wp\/v2\/users\/3"}],"replies":[{"embeddable":true,"href":"https:\/\/ccocoa.com\/en\/wp-json\/wp\/v2\/comments?post=1509266"}],"version-history":[{"count":19,"href":"https:\/\/ccocoa.com\/en\/wp-json\/wp\/v2\/pages\/1509266\/revisions"}],"predecessor-version":[{"id":1510631,"href":"https:\/\/ccocoa.com\/en\/wp-json\/wp\/v2\/pages\/1509266\/revisions\/1510631"}],"wp:attachment":[{"href":"https:\/\/ccocoa.com\/en\/wp-json\/wp\/v2\/media?parent=1509266"}],"curies":[{"name":"wp","href":"https:\/\/api.w.org\/{rel}","templated":true}]}}