{"id":1509305,"date":"2024-01-10T07:33:43","date_gmt":"2024-01-10T07:33:43","guid":{"rendered":"https:\/\/ccocoa.com\/?page_id=1509305"},"modified":"2024-05-17T23:25:56","modified_gmt":"2024-05-17T23:25:56","slug":"desplazamiento-de-material-submarino-para-la-menadrill-ii","status":"publish","type":"page","link":"https:\/\/ccocoa.com\/en\/desplazamiento-de-material-submarino-para-la-menadrill-ii\/","title":{"rendered":"Displacement of Submarine Material for the MENADRILL II"},"content":{"rendered":"<div data-elementor-type=\"wp-page\" data-elementor-id=\"1509305\" class=\"elementor elementor-1509305\" data-elementor-post-type=\"page\">\n\t\t\t\t<div class=\"elementor-element elementor-element-1408bfd5 e-flex e-con-boxed e-con e-parent\" data-id=\"1408bfd5\" data-element_type=\"container\" data-settings=\"{&quot;background_background&quot;:&quot;classic&quot;,&quot;shape_divider_bottom&quot;:&quot;opacity-tilt&quot;}\">\n\t\t\t\t\t<div class=\"e-con-inner\">\n\t\t\t\t<div class=\"elementor-shape elementor-shape-bottom\" data-negative=\"false\">\n\t\t\t<svg xmlns=\"http:\/\/www.w3.org\/2000\/svg\" viewbox=\"0 0 2600 131.1\" preserveaspectratio=\"none\">\n\t<path class=\"elementor-shape-fill\" d=\"M0 0L2600 0 2600 69.1 0 0z\"\/>\n\t<path class=\"elementor-shape-fill\" style=\"opacity:0.5\" d=\"M0 0L2600 0 2600 69.1 0 69.1z\"\/>\n\t<path class=\"elementor-shape-fill\" style=\"opacity:0.25\" d=\"M2600 0L0 0 0 130.1 2600 69.1z\"\/>\n<\/svg>\t\t<\/div>\n\t\t\t\t<div class=\"elementor-element elementor-element-7212ed70 animated-slow elementor-invisible elementor-widget elementor-widget-heading\" data-id=\"7212ed70\" data-element_type=\"widget\" data-settings=\"{&quot;_animation&quot;:&quot;fadeInUp&quot;}\" data-widget_type=\"heading.default\">\n\t\t\t\t<div class=\"elementor-widget-container\">\n\t\t\t\t\t<h2 class=\"elementor-heading-title elementor-size-default\">Displacement of Submarine Material for the MENADRILL II<\/h2>\t\t\t\t<\/div>\n\t\t\t\t<\/div>\n\t\t\t\t\t<\/div>\n\t\t\t\t<\/div>\n\t\t<div class=\"elementor-element elementor-element-7e5318ce e-flex e-con-boxed e-con e-parent\" data-id=\"7e5318ce\" data-element_type=\"container\">\n\t\t\t\t\t<div class=\"e-con-inner\">\n\t\t<div class=\"elementor-element elementor-element-33e35d5d e-con-full e-flex e-con e-child\" data-id=\"33e35d5d\" data-element_type=\"container\">\n\t\t<div class=\"elementor-element elementor-element-477c2f84 e-con-full e-flex e-con e-child\" data-id=\"477c2f84\" data-element_type=\"container\">\n\t\t\t\t<div class=\"elementor-element elementor-element-eb8a06e elementor-widget elementor-widget-heading\" data-id=\"eb8a06e\" data-element_type=\"widget\" data-widget_type=\"heading.default\">\n\t\t\t\t<div class=\"elementor-widget-container\">\n\t\t\t\t\t<h5 class=\"elementor-heading-title elementor-size-default\">Displacement of Submarine Material for the MENADRILL II\n<\/h5>\t\t\t\t<\/div>\n\t\t\t\t<\/div>\n\t\t\t\t<div class=\"elementor-element elementor-element-4dd09389 elementor-widget elementor-widget-text-editor\" data-id=\"4dd09389\" data-element_type=\"widget\" data-widget_type=\"text-editor.default\">\n\t\t\t\t<div class=\"elementor-widget-container\">\n\t\t\t\t\t\t\t\t\tTuxpan, Veracruz. Year 2019. Client: API\t\t\t\t\t\t\t\t<\/div>\n\t\t\t\t<\/div>\n\t\t\t\t<\/div>\n\t\t<div class=\"elementor-element elementor-element-46f3c30c e-con-full e-flex e-con e-child\" data-id=\"46f3c30c\" data-element_type=\"container\">\n\t\t\t\t<div class=\"elementor-element elementor-element-24134782 elementor-widget elementor-widget-heading\" data-id=\"24134782\" data-element_type=\"widget\" data-widget_type=\"heading.default\">\n\t\t\t\t<div class=\"elementor-widget-container\">\n\t\t\t\t\t<h5 class=\"elementor-heading-title elementor-size-default\">PROJECT DESCRIPTION:\n<\/h5>\t\t\t\t<\/div>\n\t\t\t\t<\/div>\n\t\t\t\t<div class=\"elementor-element elementor-element-28984baf elementor-widget elementor-widget-text-editor\" data-id=\"28984baf\" data-element_type=\"widget\" data-widget_type=\"text-editor.default\">\n\t\t\t\t<div class=\"elementor-widget-container\">\n\t\t\t\t\t\t\t\t\t<p>Displacement of submarine material at the CELASA dock (MENAdrill I) (Diving) under the system and inspection, using the magnetic particle method.<br \/><br \/>PND service in the bracket system, class society bitts - American Bureau of Shipping.<\/p>\t\t\t\t\t\t\t\t<\/div>\n\t\t\t\t<\/div>\n\t\t\t\t<\/div>\n\t\t\t\t<\/div>\n\t\t<div class=\"elementor-element elementor-element-200f469 e-con-full e-flex e-con e-child\" data-id=\"200f469\" data-element_type=\"container\">\n\t\t\t\t<div class=\"elementor-element elementor-element-728b15d7 elementor-widget elementor-widget-gallery\" data-id=\"728b15d7\" data-element_type=\"widget\" data-settings=\"{&quot;columns&quot;:3,&quot;gap&quot;:{&quot;unit&quot;:&quot;px&quot;,&quot;size&quot;:14,&quot;sizes&quot;:[]},&quot;aspect_ratio&quot;:&quot;4:3&quot;,&quot;image_hover_animation&quot;:&quot;grow&quot;,&quot;gallery_layout&quot;:&quot;grid&quot;,&quot;columns_tablet&quot;:2,&quot;columns_mobile&quot;:1,&quot;gap_laptop&quot;:{&quot;unit&quot;:&quot;px&quot;,&quot;size&quot;:10,&quot;sizes&quot;:[]},&quot;gap_tablet&quot;:{&quot;unit&quot;:&quot;px&quot;,&quot;size&quot;:10,&quot;sizes&quot;:[]},&quot;gap_mobile&quot;:{&quot;unit&quot;:&quot;px&quot;,&quot;size&quot;:10,&quot;sizes&quot;:[]},&quot;link_to&quot;:&quot;file&quot;,&quot;overlay_background&quot;:&quot;yes&quot;,&quot;content_hover_animation&quot;:&quot;fade-in&quot;}\" data-widget_type=\"gallery.default\">\n\t\t\t\t<div class=\"elementor-widget-container\">\n\t\t\t\t\t\t\t<div class=\"elementor-gallery__container\">\n\t\t\t\t\t\t\t<a class=\"e-gallery-item elementor-gallery-item elementor-animated-content\" href=\"https:\/\/ccocoa.com\/wp-content\/uploads\/2020\/01\/menandrill2.jpeg\" data-elementor-open-lightbox=\"yes\" data-elementor-lightbox-slideshow=\"728b15d7\" data-elementor-lightbox-title=\"menandrill2\" data-e-action-hash=\"#elementor-action%3Aaction%3Dlightbox%26settings%3DeyJpZCI6NTA4MTQ5LCJ1cmwiOiJodHRwczpcL1wvY2NvY29hLmNvbVwvd3AtY29udGVudFwvdXBsb2Fkc1wvMjAyMFwvMDFcL21lbmFuZHJpbGwyLmpwZWciLCJzbGlkZXNob3ciOiI3MjhiMTVkNyJ9\">\n\t\t\t\t\t<div class=\"e-gallery-image elementor-gallery-item__image\" data-thumbnail=\"https:\/\/ccocoa.com\/wp-content\/uploads\/2020\/01\/menandrill2-768x576.jpeg\" data-width=\"768\" data-height=\"576\" aria-label=\"\" role=\"img\" ><\/div>\n\t\t\t\t\t\t\t\t\t\t\t<div class=\"elementor-gallery-item__overlay\"><\/div>\n\t\t\t\t\t\t\t\t\t\t\t\t\t\t<\/a>\n\t\t\t\t\t\t\t<a class=\"e-gallery-item elementor-gallery-item elementor-animated-content\" href=\"https:\/\/ccocoa.com\/wp-content\/uploads\/2020\/01\/WhatsApp-Image-2020-01-14-at-1.19.19-PM.jpeg\" data-elementor-open-lightbox=\"yes\" data-elementor-lightbox-slideshow=\"728b15d7\" data-elementor-lightbox-title=\"Inspeccion y desplazamiento MENAdrill\" data-e-action-hash=\"#elementor-action%3Aaction%3Dlightbox%26settings%3DeyJpZCI6NTA4MTU3LCJ1cmwiOiJodHRwczpcL1wvY2NvY29hLmNvbVwvd3AtY29udGVudFwvdXBsb2Fkc1wvMjAyMFwvMDFcL1doYXRzQXBwLUltYWdlLTIwMjAtMDEtMTQtYXQtMS4xOS4xOS1QTS5qcGVnIiwic2xpZGVzaG93IjoiNzI4YjE1ZDcifQ%3D%3D\">\n\t\t\t\t\t<div class=\"e-gallery-image elementor-gallery-item__image\" data-thumbnail=\"https:\/\/ccocoa.com\/wp-content\/uploads\/2020\/01\/WhatsApp-Image-2020-01-14-at-1.19.19-PM-768x1024.jpeg\" data-width=\"768\" data-height=\"1024\" aria-label=\"Inspeccion y desplazamiento MENAdrill\" role=\"img\" ><\/div>\n\t\t\t\t\t\t\t\t\t\t\t<div class=\"elementor-gallery-item__overlay\"><\/div>\n\t\t\t\t\t\t\t\t\t\t\t\t\t\t<\/a>\n\t\t\t\t\t\t\t<a class=\"e-gallery-item elementor-gallery-item elementor-animated-content\" href=\"https:\/\/ccocoa.com\/wp-content\/uploads\/2020\/01\/WhatsApp-Image-2020-01-14-at-1.19.23-PM.jpeg\" data-elementor-open-lightbox=\"yes\" data-elementor-lightbox-slideshow=\"728b15d7\" data-elementor-lightbox-title=\"Inspeccion y desplazamiento MENAdrill\" data-e-action-hash=\"#elementor-action%3Aaction%3Dlightbox%26settings%3DeyJpZCI6NTA4MTU4LCJ1cmwiOiJodHRwczpcL1wvY2NvY29hLmNvbVwvd3AtY29udGVudFwvdXBsb2Fkc1wvMjAyMFwvMDFcL1doYXRzQXBwLUltYWdlLTIwMjAtMDEtMTQtYXQtMS4xOS4yMy1QTS5qcGVnIiwic2xpZGVzaG93IjoiNzI4YjE1ZDcifQ%3D%3D\">\n\t\t\t\t\t<div class=\"e-gallery-image elementor-gallery-item__image\" data-thumbnail=\"https:\/\/ccocoa.com\/wp-content\/uploads\/2020\/01\/WhatsApp-Image-2020-01-14-at-1.19.23-PM-768x576.jpeg\" data-width=\"768\" data-height=\"576\" aria-label=\"Inspeccion y desplazamiento MENAdrill\" role=\"img\" ><\/div>\n\t\t\t\t\t\t\t\t\t\t\t<div class=\"elementor-gallery-item__overlay\"><\/div>\n\t\t\t\t\t\t\t\t\t\t\t\t\t\t<\/a>\n\t\t\t\t\t\t\t<a class=\"e-gallery-item elementor-gallery-item elementor-animated-content\" href=\"https:\/\/ccocoa.com\/wp-content\/uploads\/2020\/01\/WhatsApp-Image-2020-01-14-at-1.19.26-PM.jpeg\" data-elementor-open-lightbox=\"yes\" data-elementor-lightbox-slideshow=\"728b15d7\" data-elementor-lightbox-title=\"Inspeccion y desplazamiento MENAdrill\" data-e-action-hash=\"#elementor-action%3Aaction%3Dlightbox%26settings%3DeyJpZCI6NTA4MTU5LCJ1cmwiOiJodHRwczpcL1wvY2NvY29hLmNvbVwvd3AtY29udGVudFwvdXBsb2Fkc1wvMjAyMFwvMDFcL1doYXRzQXBwLUltYWdlLTIwMjAtMDEtMTQtYXQtMS4xOS4yNi1QTS5qcGVnIiwic2xpZGVzaG93IjoiNzI4YjE1ZDcifQ%3D%3D\">\n\t\t\t\t\t<div class=\"e-gallery-image elementor-gallery-item__image\" data-thumbnail=\"https:\/\/ccocoa.com\/wp-content\/uploads\/2020\/01\/WhatsApp-Image-2020-01-14-at-1.19.26-PM-768x576.jpeg\" data-width=\"768\" data-height=\"576\" aria-label=\"Inspeccion y desplazamiento MENAdrill\" role=\"img\" ><\/div>\n\t\t\t\t\t\t\t\t\t\t\t<div class=\"elementor-gallery-item__overlay\"><\/div>\n\t\t\t\t\t\t\t\t\t\t\t\t\t\t<\/a>\n\t\t\t\t\t\t\t<a class=\"e-gallery-item elementor-gallery-item elementor-animated-content\" href=\"https:\/\/ccocoa.com\/wp-content\/uploads\/2020\/01\/WhatsApp-Image-2020-01-14-at-1.19.27-PM.jpeg\" data-elementor-open-lightbox=\"yes\" data-elementor-lightbox-slideshow=\"728b15d7\" data-elementor-lightbox-title=\"Inspeccion y desplazamiento MENAdrill\" data-e-action-hash=\"#elementor-action%3Aaction%3Dlightbox%26settings%3DeyJpZCI6NTA4MTYwLCJ1cmwiOiJodHRwczpcL1wvY2NvY29hLmNvbVwvd3AtY29udGVudFwvdXBsb2Fkc1wvMjAyMFwvMDFcL1doYXRzQXBwLUltYWdlLTIwMjAtMDEtMTQtYXQtMS4xOS4yNy1QTS5qcGVnIiwic2xpZGVzaG93IjoiNzI4YjE1ZDcifQ%3D%3D\">\n\t\t\t\t\t<div class=\"e-gallery-image elementor-gallery-item__image\" data-thumbnail=\"https:\/\/ccocoa.com\/wp-content\/uploads\/2020\/01\/WhatsApp-Image-2020-01-14-at-1.19.27-PM-768x576.jpeg\" data-width=\"768\" data-height=\"576\" aria-label=\"Inspeccion y desplazamiento MENAdrill\" role=\"img\" ><\/div>\n\t\t\t\t\t\t\t\t\t\t\t<div class=\"elementor-gallery-item__overlay\"><\/div>\n\t\t\t\t\t\t\t\t\t\t\t\t\t\t<\/a>\n\t\t\t\t\t\t\t<a class=\"e-gallery-item elementor-gallery-item elementor-animated-content\" href=\"https:\/\/ccocoa.com\/wp-content\/uploads\/2020\/01\/WhatsApp-Image-2020-01-14-at-1.19.28-PM.jpeg\" data-elementor-open-lightbox=\"yes\" data-elementor-lightbox-slideshow=\"728b15d7\" data-elementor-lightbox-title=\"Inspeccion y desplazamiento MENAdrill\" data-e-action-hash=\"#elementor-action%3Aaction%3Dlightbox%26settings%3DeyJpZCI6NTA4MTYxLCJ1cmwiOiJodHRwczpcL1wvY2NvY29hLmNvbVwvd3AtY29udGVudFwvdXBsb2Fkc1wvMjAyMFwvMDFcL1doYXRzQXBwLUltYWdlLTIwMjAtMDEtMTQtYXQtMS4xOS4yOC1QTS5qcGVnIiwic2xpZGVzaG93IjoiNzI4YjE1ZDcifQ%3D%3D\">\n\t\t\t\t\t<div class=\"e-gallery-image elementor-gallery-item__image\" data-thumbnail=\"https:\/\/ccocoa.com\/wp-content\/uploads\/2020\/01\/WhatsApp-Image-2020-01-14-at-1.19.28-PM-768x576.jpeg\" data-width=\"768\" data-height=\"576\" aria-label=\"Inspeccion y desplazamiento MENAdrill\" role=\"img\" ><\/div>\n\t\t\t\t\t\t\t\t\t\t\t<div class=\"elementor-gallery-item__overlay\"><\/div>\n\t\t\t\t\t\t\t\t\t\t\t\t\t\t<\/a>\n\t\t\t\t\t<\/div>\n\t\t\t\t\t<\/div>\n\t\t\t\t<\/div>\n\t\t\t\t<\/div>\n\t\t\t\t\t<\/div>\n\t\t\t\t<\/div>\n\t\t\t\t<\/div>","protected":false},"excerpt":{"rendered":"<p>Desplazamiento de material submarino para la MENAdrill II Tuxpan, Veracruz. A\u00f1o 2019. Cliente: API Descripci\u00f3n del proyecto: Desplazamiento de material submarino en el muelle de CELASA (MENAdrill I) (Buceo)\u00a0 Bajo el sistema e inspecci\u00f3n, por el m\u00e9todo de part\u00edculas magn\u00e9ticas. Servicio de PND en el sistema de bracket, bitas class society- American Bureau of Shipping.<\/p>","protected":false},"author":3,"featured_media":0,"parent":0,"menu_order":0,"comment_status":"closed","ping_status":"closed","template":"","meta":{"footnotes":""},"class_list":["post-1509305","page","type-page","status-publish","hentry","no-post-thumbnail"],"yoast_head":"<!-- This site is optimized with the Yoast SEO plugin v24.3 - https:\/\/yoast.com\/wordpress\/plugins\/seo\/ -->\n<title>Desplazamiento de material submarino para la MENAdrill II - Corporativo Costa Afuera<\/title>\n<meta name=\"robots\" content=\"index, follow, max-snippet:-1, max-image-preview:large, max-video-preview:-1\" \/>\n<link rel=\"canonical\" href=\"https:\/\/ccocoa.com\/en\/desplazamiento-de-material-submarino-para-la-menadrill-ii\/\" \/>\n<meta property=\"og:locale\" content=\"en_US\" \/>\n<meta property=\"og:type\" content=\"article\" \/>\n<meta property=\"og:title\" content=\"Desplazamiento de material submarino para la MENAdrill II - Corporativo Costa Afuera\" \/>\n<meta property=\"og:description\" content=\"Desplazamiento de material submarino para la MENAdrill II Tuxpan, Veracruz. A\u00f1o 2019. Cliente: API Descripci\u00f3n del proyecto: Desplazamiento de material submarino en el muelle de CELASA (MENAdrill I) (Buceo)\u00a0 Bajo el sistema e inspecci\u00f3n, por el m\u00e9todo de part\u00edculas magn\u00e9ticas. Servicio de PND en el sistema de bracket, bitas class society- American Bureau of Shipping.\" \/>\n<meta property=\"og:url\" content=\"https:\/\/ccocoa.com\/en\/desplazamiento-de-material-submarino-para-la-menadrill-ii\/\" \/>\n<meta property=\"og:site_name\" content=\"Corporativo Costa Afuera\" \/>\n<meta property=\"article:publisher\" content=\"https:\/\/www.facebook.com\/CorporativoCostaAfuera\/\" \/>\n<meta property=\"article:modified_time\" content=\"2024-05-17T23:25:56+00:00\" \/>\n<meta name=\"twitter:label1\" content=\"Est. reading time\" \/>\n\t<meta name=\"twitter:data1\" content=\"1 minute\" \/>\n<script type=\"application\/ld+json\" class=\"yoast-schema-graph\">{\"@context\":\"https:\/\/schema.org\",\"@graph\":[{\"@type\":\"WebPage\",\"@id\":\"https:\/\/ccocoa.com\/desplazamiento-de-material-submarino-para-la-menadrill-ii\/\",\"url\":\"https:\/\/ccocoa.com\/desplazamiento-de-material-submarino-para-la-menadrill-ii\/\",\"name\":\"Desplazamiento de material submarino para la MENAdrill II - Corporativo Costa Afuera\",\"isPartOf\":{\"@id\":\"https:\/\/ccocoa.com\/#website\"},\"datePublished\":\"2024-01-10T07:33:43+00:00\",\"dateModified\":\"2024-05-17T23:25:56+00:00\",\"breadcrumb\":{\"@id\":\"https:\/\/ccocoa.com\/desplazamiento-de-material-submarino-para-la-menadrill-ii\/#breadcrumb\"},\"inLanguage\":\"en-US\",\"potentialAction\":[{\"@type\":\"ReadAction\",\"target\":[\"https:\/\/ccocoa.com\/desplazamiento-de-material-submarino-para-la-menadrill-ii\/\"]}]},{\"@type\":\"BreadcrumbList\",\"@id\":\"https:\/\/ccocoa.com\/desplazamiento-de-material-submarino-para-la-menadrill-ii\/#breadcrumb\",\"itemListElement\":[{\"@type\":\"ListItem\",\"position\":1,\"name\":\"Portada\",\"item\":\"https:\/\/ccocoa.com\/\"},{\"@type\":\"ListItem\",\"position\":2,\"name\":\"Desplazamiento de material submarino para la MENAdrill II\"}]},{\"@type\":\"WebSite\",\"@id\":\"https:\/\/ccocoa.com\/#website\",\"url\":\"https:\/\/ccocoa.com\/\",\"name\":\"Corporativo Costa Afuera\",\"description\":\"Construcci\u00f3n Marina y Submarina\",\"publisher\":{\"@id\":\"https:\/\/ccocoa.com\/#organization\"},\"potentialAction\":[{\"@type\":\"SearchAction\",\"target\":{\"@type\":\"EntryPoint\",\"urlTemplate\":\"https:\/\/ccocoa.com\/?s={search_term_string}\"},\"query-input\":{\"@type\":\"PropertyValueSpecification\",\"valueRequired\":true,\"valueName\":\"search_term_string\"}}],\"inLanguage\":\"en-US\"},{\"@type\":\"Organization\",\"@id\":\"https:\/\/ccocoa.com\/#organization\",\"name\":\"Corporativo Costa Afuera\",\"url\":\"https:\/\/ccocoa.com\/\",\"logo\":{\"@type\":\"ImageObject\",\"inLanguage\":\"en-US\",\"@id\":\"https:\/\/ccocoa.com\/#\/schema\/logo\/image\/\",\"url\":\"https:\/\/ccocoa.com\/wp-content\/uploads\/2018\/02\/logo.png\",\"contentUrl\":\"https:\/\/ccocoa.com\/wp-content\/uploads\/2018\/02\/logo.png\",\"width\":100,\"height\":100,\"caption\":\"Corporativo Costa Afuera\"},\"image\":{\"@id\":\"https:\/\/ccocoa.com\/#\/schema\/logo\/image\/\"},\"sameAs\":[\"https:\/\/www.facebook.com\/CorporativoCostaAfuera\/\",\"https:\/\/x.com\/CorpCostaAfuera\",\"https:\/\/www.tiktok.com\/@corporativocostaafuera\"]}]}<\/script>\n<!-- \/ Yoast SEO plugin. -->","yoast_head_json":{"title":"Desplazamiento de material submarino para la MENAdrill II - Corporativo Costa Afuera","robots":{"index":"index","follow":"follow","max-snippet":"max-snippet:-1","max-image-preview":"max-image-preview:large","max-video-preview":"max-video-preview:-1"},"canonical":"https:\/\/ccocoa.com\/en\/desplazamiento-de-material-submarino-para-la-menadrill-ii\/","og_locale":"en_US","og_type":"article","og_title":"Desplazamiento de material submarino para la MENAdrill II - Corporativo Costa Afuera","og_description":"Desplazamiento de material submarino para la MENAdrill II Tuxpan, Veracruz. A\u00f1o 2019. Cliente: API Descripci\u00f3n del proyecto: Desplazamiento de material submarino en el muelle de CELASA (MENAdrill I) (Buceo)\u00a0 Bajo el sistema e inspecci\u00f3n, por el m\u00e9todo de part\u00edculas magn\u00e9ticas. Servicio de PND en el sistema de bracket, bitas class society- American Bureau of Shipping.","og_url":"https:\/\/ccocoa.com\/en\/desplazamiento-de-material-submarino-para-la-menadrill-ii\/","og_site_name":"Corporativo Costa Afuera","article_publisher":"https:\/\/www.facebook.com\/CorporativoCostaAfuera\/","article_modified_time":"2024-05-17T23:25:56+00:00","twitter_misc":{"Est. reading time":"1 minute"},"schema":{"@context":"https:\/\/schema.org","@graph":[{"@type":"WebPage","@id":"https:\/\/ccocoa.com\/desplazamiento-de-material-submarino-para-la-menadrill-ii\/","url":"https:\/\/ccocoa.com\/desplazamiento-de-material-submarino-para-la-menadrill-ii\/","name":"Desplazamiento de material submarino para la MENAdrill II - Corporativo Costa Afuera","isPartOf":{"@id":"https:\/\/ccocoa.com\/#website"},"datePublished":"2024-01-10T07:33:43+00:00","dateModified":"2024-05-17T23:25:56+00:00","breadcrumb":{"@id":"https:\/\/ccocoa.com\/desplazamiento-de-material-submarino-para-la-menadrill-ii\/#breadcrumb"},"inLanguage":"en-US","potentialAction":[{"@type":"ReadAction","target":["https:\/\/ccocoa.com\/desplazamiento-de-material-submarino-para-la-menadrill-ii\/"]}]},{"@type":"BreadcrumbList","@id":"https:\/\/ccocoa.com\/desplazamiento-de-material-submarino-para-la-menadrill-ii\/#breadcrumb","itemListElement":[{"@type":"ListItem","position":1,"name":"Portada","item":"https:\/\/ccocoa.com\/"},{"@type":"ListItem","position":2,"name":"Desplazamiento de material submarino para la MENAdrill II"}]},{"@type":"WebSite","@id":"https:\/\/ccocoa.com\/#website","url":"https:\/\/ccocoa.com\/","name":"Corporativo Costa Afuera","description":"Construcci\u00f3n Marina y Submarina","publisher":{"@id":"https:\/\/ccocoa.com\/#organization"},"potentialAction":[{"@type":"SearchAction","target":{"@type":"EntryPoint","urlTemplate":"https:\/\/ccocoa.com\/?s={search_term_string}"},"query-input":{"@type":"PropertyValueSpecification","valueRequired":true,"valueName":"search_term_string"}}],"inLanguage":"en-US"},{"@type":"Organization","@id":"https:\/\/ccocoa.com\/#organization","name":"Corporativo Costa Afuera","url":"https:\/\/ccocoa.com\/","logo":{"@type":"ImageObject","inLanguage":"en-US","@id":"https:\/\/ccocoa.com\/#\/schema\/logo\/image\/","url":"https:\/\/ccocoa.com\/wp-content\/uploads\/2018\/02\/logo.png","contentUrl":"https:\/\/ccocoa.com\/wp-content\/uploads\/2018\/02\/logo.png","width":100,"height":100,"caption":"Corporativo Costa Afuera"},"image":{"@id":"https:\/\/ccocoa.com\/#\/schema\/logo\/image\/"},"sameAs":["https:\/\/www.facebook.com\/CorporativoCostaAfuera\/","https:\/\/x.com\/CorpCostaAfuera","https:\/\/www.tiktok.com\/@corporativocostaafuera"]}]}},"_links":{"self":[{"href":"https:\/\/ccocoa.com\/en\/wp-json\/wp\/v2\/pages\/1509305","targetHints":{"allow":["GET"]}}],"collection":[{"href":"https:\/\/ccocoa.com\/en\/wp-json\/wp\/v2\/pages"}],"about":[{"href":"https:\/\/ccocoa.com\/en\/wp-json\/wp\/v2\/types\/page"}],"author":[{"embeddable":true,"href":"https:\/\/ccocoa.com\/en\/wp-json\/wp\/v2\/users\/3"}],"replies":[{"embeddable":true,"href":"https:\/\/ccocoa.com\/en\/wp-json\/wp\/v2\/comments?post=1509305"}],"version-history":[{"count":14,"href":"https:\/\/ccocoa.com\/en\/wp-json\/wp\/v2\/pages\/1509305\/revisions"}],"predecessor-version":[{"id":1510527,"href":"https:\/\/ccocoa.com\/en\/wp-json\/wp\/v2\/pages\/1509305\/revisions\/1510527"}],"wp:attachment":[{"href":"https:\/\/ccocoa.com\/en\/wp-json\/wp\/v2\/media?parent=1509305"}],"curies":[{"name":"wp","href":"https:\/\/api.w.org\/{rel}","templated":true}]}}