{"id":1509347,"date":"2024-01-10T09:12:53","date_gmt":"2024-01-10T09:12:53","guid":{"rendered":"https:\/\/ccocoa.com\/?page_id=1509347"},"modified":"2024-06-03T20:12:25","modified_gmt":"2024-06-03T20:12:25","slug":"muelle-darsena","status":"publish","type":"page","link":"https:\/\/ccocoa.com\/en\/muelle-darsena\/","title":{"rendered":"Muelle Darsena"},"content":{"rendered":"<div data-elementor-type=\"wp-page\" data-elementor-id=\"1509347\" class=\"elementor elementor-1509347\" data-elementor-post-type=\"page\">\n\t\t\t\t<div class=\"elementor-element elementor-element-7ac63092 e-flex e-con-boxed e-con e-parent\" data-id=\"7ac63092\" data-element_type=\"container\" data-settings=\"{&quot;background_background&quot;:&quot;classic&quot;,&quot;shape_divider_bottom&quot;:&quot;opacity-tilt&quot;}\">\n\t\t\t\t\t<div class=\"e-con-inner\">\n\t\t\t\t<div class=\"elementor-shape elementor-shape-bottom\" data-negative=\"false\">\n\t\t\t<svg xmlns=\"http:\/\/www.w3.org\/2000\/svg\" viewbox=\"0 0 2600 131.1\" preserveaspectratio=\"none\">\n\t<path class=\"elementor-shape-fill\" d=\"M0 0L2600 0 2600 69.1 0 0z\"\/>\n\t<path class=\"elementor-shape-fill\" style=\"opacity:0.5\" d=\"M0 0L2600 0 2600 69.1 0 69.1z\"\/>\n\t<path class=\"elementor-shape-fill\" style=\"opacity:0.25\" d=\"M2600 0L0 0 0 130.1 2600 69.1z\"\/>\n<\/svg>\t\t<\/div>\n\t\t\t\t<div class=\"elementor-element elementor-element-3cf5de5f animated-slow elementor-invisible elementor-widget elementor-widget-heading\" data-id=\"3cf5de5f\" data-element_type=\"widget\" data-settings=\"{&quot;_animation&quot;:&quot;fadeInUp&quot;}\" data-widget_type=\"heading.default\">\n\t\t\t\t<div class=\"elementor-widget-container\">\n\t\t\t\t\t<h2 class=\"elementor-heading-title elementor-size-default\">Muelle Darsena<\/h2>\t\t\t\t<\/div>\n\t\t\t\t<\/div>\n\t\t\t\t\t<\/div>\n\t\t\t\t<\/div>\n\t\t<div class=\"elementor-element elementor-element-f5eeee6 e-flex e-con-boxed e-con e-parent\" data-id=\"f5eeee6\" data-element_type=\"container\">\n\t\t\t\t\t<div class=\"e-con-inner\">\n\t\t<div class=\"elementor-element elementor-element-4247046e e-con-full e-flex e-con e-child\" data-id=\"4247046e\" data-element_type=\"container\">\n\t\t<div class=\"elementor-element elementor-element-1147b769 e-con-full e-flex e-con e-child\" data-id=\"1147b769\" data-element_type=\"container\">\n\t\t\t\t<div class=\"elementor-element elementor-element-7398f136 elementor-widget elementor-widget-heading\" data-id=\"7398f136\" data-element_type=\"widget\" data-widget_type=\"heading.default\">\n\t\t\t\t<div class=\"elementor-widget-container\">\n\t\t\t\t\t<h5 class=\"elementor-heading-title elementor-size-default\">Project details\n<\/h5>\t\t\t\t<\/div>\n\t\t\t\t<\/div>\n\t\t\t\t<div class=\"elementor-element elementor-element-3290a30d elementor-widget elementor-widget-text-editor\" data-id=\"3290a30d\" data-element_type=\"widget\" data-widget_type=\"text-editor.default\">\n\t\t\t\t<div class=\"elementor-widget-container\">\n\t\t\t\t\t\t\t\t\tClient URL: <a href=\"http:\/\/www.unam.mx\/\">http:\/\/www.unam.mx\/<\/a><br>\nProject executed by Offshore Corporate<br>\nOffshore <br>\nCompletion date: 2012 <br>\nClient: UNAM\n\t\t\t\t\t\t\t\t<\/div>\n\t\t\t\t<\/div>\n\t\t\t\t<\/div>\n\t\t<div class=\"elementor-element elementor-element-7df233af e-con-full e-flex e-con e-child\" data-id=\"7df233af\" data-element_type=\"container\">\n\t\t\t\t<div class=\"elementor-element elementor-element-45a3f953 elementor-widget elementor-widget-heading\" data-id=\"45a3f953\" data-element_type=\"widget\" data-widget_type=\"heading.default\">\n\t\t\t\t<div class=\"elementor-widget-container\">\n\t\t\t\t\t<h5 class=\"elementor-heading-title elementor-size-default\">PROJECT DESCRIPTION:\n<\/h5>\t\t\t\t<\/div>\n\t\t\t\t<\/div>\n\t\t\t\t<div class=\"elementor-element elementor-element-3c9b0c8f elementor-widget elementor-widget-text-editor\" data-id=\"3c9b0c8f\" data-element_type=\"widget\" data-widget_type=\"text-editor.default\">\n\t\t\t\t<div class=\"elementor-widget-container\">\n\t\t\t\t\t\t\t\t\tConstruction of dock basin, facilities, and access road at the Tuxpan operations base for the oceanographic vessel \"Justo Sierra\" in Tuxpan, Veracruz, Mexico. For the National Autonomous University of Mexico.\t\t\t\t\t\t\t\t<\/div>\n\t\t\t\t<\/div>\n\t\t\t\t<\/div>\n\t\t\t\t<\/div>\n\t\t<div class=\"elementor-element elementor-element-65c285f2 e-con-full e-flex e-con e-child\" data-id=\"65c285f2\" data-element_type=\"container\">\n\t\t\t\t<div class=\"elementor-element elementor-element-d8dd509 elementor-widget elementor-widget-gallery\" data-id=\"d8dd509\" data-element_type=\"widget\" data-settings=\"{&quot;columns&quot;:2,&quot;gap&quot;:{&quot;unit&quot;:&quot;px&quot;,&quot;size&quot;:14,&quot;sizes&quot;:[]},&quot;aspect_ratio&quot;:&quot;4:3&quot;,&quot;image_hover_animation&quot;:&quot;grow&quot;,&quot;gallery_layout&quot;:&quot;grid&quot;,&quot;columns_tablet&quot;:2,&quot;columns_mobile&quot;:1,&quot;gap_laptop&quot;:{&quot;unit&quot;:&quot;px&quot;,&quot;size&quot;:10,&quot;sizes&quot;:[]},&quot;gap_tablet&quot;:{&quot;unit&quot;:&quot;px&quot;,&quot;size&quot;:10,&quot;sizes&quot;:[]},&quot;gap_mobile&quot;:{&quot;unit&quot;:&quot;px&quot;,&quot;size&quot;:10,&quot;sizes&quot;:[]},&quot;link_to&quot;:&quot;file&quot;,&quot;overlay_background&quot;:&quot;yes&quot;,&quot;content_hover_animation&quot;:&quot;fade-in&quot;}\" data-widget_type=\"gallery.default\">\n\t\t\t\t<div class=\"elementor-widget-container\">\n\t\t\t\t\t\t\t<div class=\"elementor-gallery__container\">\n\t\t\t\t\t\t\t<a class=\"e-gallery-item elementor-gallery-item elementor-animated-content\" href=\"https:\/\/ccocoa.com\/wp-content\/uploads\/2015\/09\/darsena1.jpg\" data-elementor-open-lightbox=\"yes\" data-elementor-lightbox-slideshow=\"d8dd509\" data-elementor-lightbox-title=\"darsena1\" data-e-action-hash=\"#elementor-action%3Aaction%3Dlightbox%26settings%3DeyJpZCI6NzM1NywidXJsIjoiaHR0cHM6XC9cL2Njb2NvYS5jb21cL3dwLWNvbnRlbnRcL3VwbG9hZHNcLzIwMTVcLzA5XC9kYXJzZW5hMS5qcGciLCJzbGlkZXNob3ciOiJkOGRkNTA5In0%3D\">\n\t\t\t\t\t<div class=\"e-gallery-image elementor-gallery-item__image\" data-thumbnail=\"https:\/\/ccocoa.com\/wp-content\/uploads\/2015\/09\/darsena1.jpg\" data-width=\"610\" data-height=\"457\" aria-label=\"\" role=\"img\" ><\/div>\n\t\t\t\t\t\t\t\t\t\t\t<div class=\"elementor-gallery-item__overlay\"><\/div>\n\t\t\t\t\t\t\t\t\t\t\t\t\t\t<\/a>\n\t\t\t\t\t\t\t<a class=\"e-gallery-item elementor-gallery-item elementor-animated-content\" href=\"https:\/\/ccocoa.com\/wp-content\/uploads\/2015\/09\/darsena2.jpg\" data-elementor-open-lightbox=\"yes\" data-elementor-lightbox-slideshow=\"d8dd509\" data-elementor-lightbox-title=\"darsena2\" data-elementor-lightbox-description=\"C\" data-e-action-hash=\"#elementor-action%3Aaction%3Dlightbox%26settings%3DeyJpZCI6NzM1NiwidXJsIjoiaHR0cHM6XC9cL2Njb2NvYS5jb21cL3dwLWNvbnRlbnRcL3VwbG9hZHNcLzIwMTVcLzA5XC9kYXJzZW5hMi5qcGciLCJzbGlkZXNob3ciOiJkOGRkNTA5In0%3D\">\n\t\t\t\t\t<div class=\"e-gallery-image elementor-gallery-item__image\" data-thumbnail=\"https:\/\/ccocoa.com\/wp-content\/uploads\/2015\/09\/darsena2.jpg\" data-width=\"423\" data-height=\"319\" aria-label=\"\" role=\"img\" ><\/div>\n\t\t\t\t\t\t\t\t\t\t\t<div class=\"elementor-gallery-item__overlay\"><\/div>\n\t\t\t\t\t\t\t\t\t\t\t\t\t\t<\/a>\n\t\t\t\t\t\t\t<a class=\"e-gallery-item elementor-gallery-item elementor-animated-content\" href=\"https:\/\/ccocoa.com\/wp-content\/uploads\/2015\/09\/darsena3.jpg\" data-elementor-open-lightbox=\"yes\" data-elementor-lightbox-slideshow=\"d8dd509\" data-elementor-lightbox-title=\"darsena3\" data-e-action-hash=\"#elementor-action%3Aaction%3Dlightbox%26settings%3DeyJpZCI6NzM1NSwidXJsIjoiaHR0cHM6XC9cL2Njb2NvYS5jb21cL3dwLWNvbnRlbnRcL3VwbG9hZHNcLzIwMTVcLzA5XC9kYXJzZW5hMy5qcGciLCJzbGlkZXNob3ciOiJkOGRkNTA5In0%3D\">\n\t\t\t\t\t<div class=\"e-gallery-image elementor-gallery-item__image\" data-thumbnail=\"https:\/\/ccocoa.com\/wp-content\/uploads\/2015\/09\/darsena3.jpg\" data-width=\"610\" data-height=\"457\" aria-label=\"\" role=\"img\" ><\/div>\n\t\t\t\t\t\t\t\t\t\t\t<div class=\"elementor-gallery-item__overlay\"><\/div>\n\t\t\t\t\t\t\t\t\t\t\t\t\t\t<\/a>\n\t\t\t\t\t\t\t<a class=\"e-gallery-item elementor-gallery-item elementor-animated-content\" href=\"https:\/\/ccocoa.com\/wp-content\/uploads\/2015\/09\/darsena41.jpg\" data-elementor-open-lightbox=\"yes\" data-elementor-lightbox-slideshow=\"d8dd509\" data-elementor-lightbox-title=\"darsena4\" data-e-action-hash=\"#elementor-action%3Aaction%3Dlightbox%26settings%3DeyJpZCI6NzM1NCwidXJsIjoiaHR0cHM6XC9cL2Njb2NvYS5jb21cL3dwLWNvbnRlbnRcL3VwbG9hZHNcLzIwMTVcLzA5XC9kYXJzZW5hNDEuanBnIiwic2xpZGVzaG93IjoiZDhkZDUwOSJ9\">\n\t\t\t\t\t<div class=\"e-gallery-image elementor-gallery-item__image\" data-thumbnail=\"https:\/\/ccocoa.com\/wp-content\/uploads\/2015\/09\/darsena41.jpg\" data-width=\"610\" data-height=\"457\" aria-label=\"\" role=\"img\" ><\/div>\n\t\t\t\t\t\t\t\t\t\t\t<div class=\"elementor-gallery-item__overlay\"><\/div>\n\t\t\t\t\t\t\t\t\t\t\t\t\t\t<\/a>\n\t\t\t\t\t<\/div>\n\t\t\t\t\t<\/div>\n\t\t\t\t<\/div>\n\t\t\t\t<\/div>\n\t\t\t\t\t<\/div>\n\t\t\t\t<\/div>\n\t\t\t\t<\/div>","protected":false},"excerpt":{"rendered":"<p>Detalles del proyecto URL del cliente: https:\/\/www.unam.mx\/ Proyecto ejecutado por Corporativo Costa Afuera Fecha de realizaci\u00f3n: 2012 Cliente: UNAM Descripci\u00f3n del proyecto: Construcci\u00f3n de muelle d\u00e1rsena, instalaciones y camino de acceso en la base de operaciones Tuxpan para el buque Oceanogr\u00e1fico \u201cJusto Sierra\u201d en Tuxpan Veracruz, M\u00e9xico. Para la Universidad Aut\u00f3noma de M\u00e9xico.<\/p>","protected":false},"author":3,"featured_media":0,"parent":0,"menu_order":0,"comment_status":"closed","ping_status":"closed","template":"","meta":{"footnotes":""},"class_list":["post-1509347","page","type-page","status-publish","hentry","no-post-thumbnail"],"yoast_head":"<!-- This site is optimized with the Yoast SEO plugin v24.3 - https:\/\/yoast.com\/wordpress\/plugins\/seo\/ -->\n<title>Muelle Darsena - Corporativo Costa Afuera<\/title>\n<meta name=\"robots\" content=\"index, follow, max-snippet:-1, max-image-preview:large, max-video-preview:-1\" \/>\n<link rel=\"canonical\" href=\"https:\/\/ccocoa.com\/en\/muelle-darsena\/\" \/>\n<meta property=\"og:locale\" content=\"en_US\" \/>\n<meta property=\"og:type\" content=\"article\" \/>\n<meta property=\"og:title\" content=\"Muelle Darsena - Corporativo Costa Afuera\" \/>\n<meta property=\"og:description\" content=\"Detalles del proyecto URL del cliente: https:\/\/www.unam.mx\/ Proyecto ejecutado por Corporativo Costa Afuera Fecha de realizaci\u00f3n: 2012 Cliente: UNAM Descripci\u00f3n del proyecto: Construcci\u00f3n de muelle d\u00e1rsena, instalaciones y camino de acceso en la base de operaciones Tuxpan para el buque Oceanogr\u00e1fico \u201cJusto Sierra\u201d en Tuxpan Veracruz, M\u00e9xico. Para la Universidad Aut\u00f3noma de M\u00e9xico.\" \/>\n<meta property=\"og:url\" content=\"https:\/\/ccocoa.com\/en\/muelle-darsena\/\" \/>\n<meta property=\"og:site_name\" content=\"Corporativo Costa Afuera\" \/>\n<meta property=\"article:publisher\" content=\"https:\/\/www.facebook.com\/CorporativoCostaAfuera\/\" \/>\n<meta property=\"article:modified_time\" content=\"2024-06-03T20:12:25+00:00\" \/>\n<meta name=\"twitter:label1\" content=\"Est. reading time\" \/>\n\t<meta name=\"twitter:data1\" content=\"1 minute\" \/>\n<script type=\"application\/ld+json\" class=\"yoast-schema-graph\">{\"@context\":\"https:\/\/schema.org\",\"@graph\":[{\"@type\":\"WebPage\",\"@id\":\"https:\/\/ccocoa.com\/muelle-darsena\/\",\"url\":\"https:\/\/ccocoa.com\/muelle-darsena\/\",\"name\":\"Muelle Darsena - Corporativo Costa Afuera\",\"isPartOf\":{\"@id\":\"https:\/\/ccocoa.com\/#website\"},\"datePublished\":\"2024-01-10T09:12:53+00:00\",\"dateModified\":\"2024-06-03T20:12:25+00:00\",\"breadcrumb\":{\"@id\":\"https:\/\/ccocoa.com\/muelle-darsena\/#breadcrumb\"},\"inLanguage\":\"en-US\",\"potentialAction\":[{\"@type\":\"ReadAction\",\"target\":[\"https:\/\/ccocoa.com\/muelle-darsena\/\"]}]},{\"@type\":\"BreadcrumbList\",\"@id\":\"https:\/\/ccocoa.com\/muelle-darsena\/#breadcrumb\",\"itemListElement\":[{\"@type\":\"ListItem\",\"position\":1,\"name\":\"Portada\",\"item\":\"https:\/\/ccocoa.com\/\"},{\"@type\":\"ListItem\",\"position\":2,\"name\":\"muelle-darsena\"}]},{\"@type\":\"WebSite\",\"@id\":\"https:\/\/ccocoa.com\/#website\",\"url\":\"https:\/\/ccocoa.com\/\",\"name\":\"Corporativo Costa Afuera\",\"description\":\"Construcci\u00f3n Marina y Submarina\",\"publisher\":{\"@id\":\"https:\/\/ccocoa.com\/#organization\"},\"potentialAction\":[{\"@type\":\"SearchAction\",\"target\":{\"@type\":\"EntryPoint\",\"urlTemplate\":\"https:\/\/ccocoa.com\/?s={search_term_string}\"},\"query-input\":{\"@type\":\"PropertyValueSpecification\",\"valueRequired\":true,\"valueName\":\"search_term_string\"}}],\"inLanguage\":\"en-US\"},{\"@type\":\"Organization\",\"@id\":\"https:\/\/ccocoa.com\/#organization\",\"name\":\"Corporativo Costa Afuera\",\"url\":\"https:\/\/ccocoa.com\/\",\"logo\":{\"@type\":\"ImageObject\",\"inLanguage\":\"en-US\",\"@id\":\"https:\/\/ccocoa.com\/#\/schema\/logo\/image\/\",\"url\":\"https:\/\/ccocoa.com\/wp-content\/uploads\/2018\/02\/logo.png\",\"contentUrl\":\"https:\/\/ccocoa.com\/wp-content\/uploads\/2018\/02\/logo.png\",\"width\":100,\"height\":100,\"caption\":\"Corporativo Costa Afuera\"},\"image\":{\"@id\":\"https:\/\/ccocoa.com\/#\/schema\/logo\/image\/\"},\"sameAs\":[\"https:\/\/www.facebook.com\/CorporativoCostaAfuera\/\",\"https:\/\/x.com\/CorpCostaAfuera\",\"https:\/\/www.tiktok.com\/@corporativocostaafuera\"]}]}<\/script>\n<!-- \/ Yoast SEO plugin. -->","yoast_head_json":{"title":"Muelle Darsena - Corporativo Costa Afuera","robots":{"index":"index","follow":"follow","max-snippet":"max-snippet:-1","max-image-preview":"max-image-preview:large","max-video-preview":"max-video-preview:-1"},"canonical":"https:\/\/ccocoa.com\/en\/muelle-darsena\/","og_locale":"en_US","og_type":"article","og_title":"Muelle Darsena - Corporativo Costa Afuera","og_description":"Detalles del proyecto URL del cliente: https:\/\/www.unam.mx\/ Proyecto ejecutado por Corporativo Costa Afuera Fecha de realizaci\u00f3n: 2012 Cliente: UNAM Descripci\u00f3n del proyecto: Construcci\u00f3n de muelle d\u00e1rsena, instalaciones y camino de acceso en la base de operaciones Tuxpan para el buque Oceanogr\u00e1fico \u201cJusto Sierra\u201d en Tuxpan Veracruz, M\u00e9xico. Para la Universidad Aut\u00f3noma de M\u00e9xico.","og_url":"https:\/\/ccocoa.com\/en\/muelle-darsena\/","og_site_name":"Corporativo Costa Afuera","article_publisher":"https:\/\/www.facebook.com\/CorporativoCostaAfuera\/","article_modified_time":"2024-06-03T20:12:25+00:00","twitter_misc":{"Est. reading time":"1 minute"},"schema":{"@context":"https:\/\/schema.org","@graph":[{"@type":"WebPage","@id":"https:\/\/ccocoa.com\/muelle-darsena\/","url":"https:\/\/ccocoa.com\/muelle-darsena\/","name":"Muelle Darsena - Corporativo Costa Afuera","isPartOf":{"@id":"https:\/\/ccocoa.com\/#website"},"datePublished":"2024-01-10T09:12:53+00:00","dateModified":"2024-06-03T20:12:25+00:00","breadcrumb":{"@id":"https:\/\/ccocoa.com\/muelle-darsena\/#breadcrumb"},"inLanguage":"en-US","potentialAction":[{"@type":"ReadAction","target":["https:\/\/ccocoa.com\/muelle-darsena\/"]}]},{"@type":"BreadcrumbList","@id":"https:\/\/ccocoa.com\/muelle-darsena\/#breadcrumb","itemListElement":[{"@type":"ListItem","position":1,"name":"Portada","item":"https:\/\/ccocoa.com\/"},{"@type":"ListItem","position":2,"name":"muelle-darsena"}]},{"@type":"WebSite","@id":"https:\/\/ccocoa.com\/#website","url":"https:\/\/ccocoa.com\/","name":"Corporativo Costa Afuera","description":"Construcci\u00f3n Marina y Submarina","publisher":{"@id":"https:\/\/ccocoa.com\/#organization"},"potentialAction":[{"@type":"SearchAction","target":{"@type":"EntryPoint","urlTemplate":"https:\/\/ccocoa.com\/?s={search_term_string}"},"query-input":{"@type":"PropertyValueSpecification","valueRequired":true,"valueName":"search_term_string"}}],"inLanguage":"en-US"},{"@type":"Organization","@id":"https:\/\/ccocoa.com\/#organization","name":"Corporativo Costa Afuera","url":"https:\/\/ccocoa.com\/","logo":{"@type":"ImageObject","inLanguage":"en-US","@id":"https:\/\/ccocoa.com\/#\/schema\/logo\/image\/","url":"https:\/\/ccocoa.com\/wp-content\/uploads\/2018\/02\/logo.png","contentUrl":"https:\/\/ccocoa.com\/wp-content\/uploads\/2018\/02\/logo.png","width":100,"height":100,"caption":"Corporativo Costa Afuera"},"image":{"@id":"https:\/\/ccocoa.com\/#\/schema\/logo\/image\/"},"sameAs":["https:\/\/www.facebook.com\/CorporativoCostaAfuera\/","https:\/\/x.com\/CorpCostaAfuera","https:\/\/www.tiktok.com\/@corporativocostaafuera"]}]}},"_links":{"self":[{"href":"https:\/\/ccocoa.com\/en\/wp-json\/wp\/v2\/pages\/1509347","targetHints":{"allow":["GET"]}}],"collection":[{"href":"https:\/\/ccocoa.com\/en\/wp-json\/wp\/v2\/pages"}],"about":[{"href":"https:\/\/ccocoa.com\/en\/wp-json\/wp\/v2\/types\/page"}],"author":[{"embeddable":true,"href":"https:\/\/ccocoa.com\/en\/wp-json\/wp\/v2\/users\/3"}],"replies":[{"embeddable":true,"href":"https:\/\/ccocoa.com\/en\/wp-json\/wp\/v2\/comments?post=1509347"}],"version-history":[{"count":20,"href":"https:\/\/ccocoa.com\/en\/wp-json\/wp\/v2\/pages\/1509347\/revisions"}],"predecessor-version":[{"id":1510681,"href":"https:\/\/ccocoa.com\/en\/wp-json\/wp\/v2\/pages\/1509347\/revisions\/1510681"}],"wp:attachment":[{"href":"https:\/\/ccocoa.com\/en\/wp-json\/wp\/v2\/media?parent=1509347"}],"curies":[{"name":"wp","href":"https:\/\/api.w.org\/{rel}","templated":true}]}}